{"id":1501,"date":"2020-12-10T17:27:02","date_gmt":"2020-12-10T16:27:02","guid":{"rendered":"https:\/\/demo.weblidemo.se\/?page_id=1501"},"modified":"2026-03-25T14:26:16","modified_gmt":"2026-03-25T13:26:16","slug":"personuppgiftspolicy","status":"publish","type":"page","link":"https:\/\/premiumbil.nu\/en\/personuppgiftspolicy\/","title":{"rendered":"Privacy Policy"},"content":{"rendered":"<div data-elementor-type=\"wp-page\" data-elementor-id=\"1501\" class=\"elementor elementor-1501\" data-elementor-post-type=\"page\">\n\t\t\t\t<div class=\"elementor-element elementor-element-3a173a8b e-flex e-con-boxed e-con e-parent\" data-id=\"3a173a8b\" data-element_type=\"container\" data-e-type=\"container\" data-settings=\"{&quot;background_background&quot;:&quot;classic&quot;}\">\n\t\t\t\t\t<div class=\"e-con-inner\">\n\t\t\t\t<div class=\"elementor-element elementor-element-7d7cbc75 animated-slow elementor-invisible elementor-widget elementor-widget-heading\" data-id=\"7d7cbc75\" data-element_type=\"widget\" data-e-type=\"widget\" data-settings=\"{&quot;_animation&quot;:&quot;slideInUp&quot;}\" data-widget_type=\"heading.default\">\n\t\t\t\t<div class=\"elementor-widget-container\">\n\t\t\t\t\t<h2 class=\"elementor-heading-title elementor-size-default\">GDPR<\/h2>\t\t\t\t<\/div>\n\t\t\t\t<\/div>\n\t\t\t\t<div class=\"elementor-element elementor-element-3965badf animated-slow elementor-invisible elementor-widget elementor-widget-heading\" data-id=\"3965badf\" data-element_type=\"widget\" data-e-type=\"widget\" data-settings=\"{&quot;_animation&quot;:&quot;slideInUp&quot;}\" data-widget_type=\"heading.default\">\n\t\t\t\t<div class=\"elementor-widget-container\">\n\t\t\t\t\t<h2 class=\"elementor-heading-title elementor-size-default\">Privacy Policy<\/h2>\t\t\t\t<\/div>\n\t\t\t\t<\/div>\n\t\t\t\t\t<\/div>\n\t\t\t\t<\/div>\n\t\t<div class=\"elementor-element elementor-element-49d0259d e-flex e-con-boxed e-con e-parent\" data-id=\"49d0259d\" data-element_type=\"container\" data-e-type=\"container\">\n\t\t\t\t\t<div class=\"e-con-inner\">\n\t\t\t\t<div class=\"elementor-element elementor-element-25431e43 elementor-widget elementor-widget-text-editor\" data-id=\"25431e43\" data-element_type=\"widget\" data-e-type=\"widget\" data-widget_type=\"text-editor.default\">\n\t\t\t\t<div class=\"elementor-widget-container\">\n\t\t\t\t\t\t\t\t\t<h2>GDPR - Privacy Policy<\/h2>\n<p><!-- \/wp:heading --><\/p>\n<p><!-- wp:paragraph --><\/p>\n<p>As of May 25, 2018, the Personal Data Act (PUL) has been replaced by the new General Data Protection Regulation (GDPR). The purpose of PUL has been to protect individuals against their personal privacy being violated when their personal data is processed. GDPR sets higher requirements for how we as an organization process your personal data and gives you better opportunities to influence our handling.<\/p>\n<p><!-- \/wp:paragraph --><\/p>\n<p><!-- wp:paragraph --><\/p>\n<p>In the policy, we describe why we process your personal data, what personal data we process, the legal basis on which we rely for the processing, and how long the data is retained. We also describe how you can influence the processing by exercising your rights. We also provide information on where to turn if you are not satisfied with our handling. It is important that you read and understand the privacy policy. You are always welcome to contact us with any questions.<\/p>\n<p><!-- \/wp:paragraph --><\/p>\n<p><!-- wp:paragraph --><\/p>\n<p>We can be reached in the following ways:<\/p>\n<p><!-- \/wp:paragraph --><\/p>\n<p><!-- wp:paragraph --><\/p>\n<p>Adress:\u00a0<a style=\"font-style: normal; font-weight: 400; text-align: var(--text-align); color: #1a0dab; -webkit-tap-highlight-color: rgba(0, 0, 0, 0.1); outline-style: initial; font-family: arial, sans-serif; font-size: 14px; letter-spacing: normal; background-color: #ffffff; cursor: pointer;\" tabindex=\"0\" href=\"https:\/\/www.google.com\/maps\/place\/\/data=!4m2!3m1!1s0x465fc96dcd0771ab:0xe6252712e9513e76?sa=X&amp;ved=2ahUKEwjH3PzEotOEAxViFxAIHZ_-BhAQ4kB6BAghEAA\" data-url=\"\/maps\/place\/\/data=!4m2!3m1!1s0x465fc96dcd0771ab:0xe6252712e9513e76?sa=X&amp;ved=2ahUKEwjH3PzEotOEAxViFxAIHZ_-BhAQ4kB6BAghEAA\">\u00c5karegatan 5, 754 54 Uppsala<\/a><\/p>\n<p><!-- \/wp:paragraph --><\/p>\n<p><!-- wp:paragraph --><\/p>\n<p>Phone: +46 73 310 67 65<\/p>\n<p><!-- \/wp:paragraph --><\/p>\n<p><!-- wp:paragraph --><\/p>\n<p>Email: info@premiumbil.nu<\/p>\n<p><!-- \/wp:paragraph --><\/p>\n<p><!-- wp:paragraph --><\/p>\n<p><!-- \/wp:paragraph --><\/p>\n<p><!-- wp:heading --><\/p>\n<h2>What the change means for you<\/h2>\n<p><!-- \/wp:heading --><\/p>\n<p><!-- wp:paragraph --><\/p>\n<p>In brief, GDPR means that...<\/p>\n<p><!-- \/wp:paragraph --><\/p>\n<p><!-- wp:paragraph --><\/p>\n<p>you have the right to receive more detailed information about how we process your personal data. We provide you with such information in the privacy policy below.<\/p>\n<p><!-- \/wp:paragraph --><\/p>\n<p><!-- wp:paragraph --><\/p>\n<p>...you have the opportunity, under certain conditions, to request that your personal data be transferred or that we restrict processing.<\/p>\n<p><!-- \/wp:paragraph --><\/p>\n<p><!-- wp:paragraph --><\/p>\n<p>...you have strengthened opportunities to access your personal data and, under certain conditions, to have them corrected or deleted,<\/p>\n<p><!-- \/wp:paragraph --><\/p>\n<p><!-- wp:paragraph --><\/p>\n<p>...you can consent to or object to certain processing that we carry out, such as sending information such as newsletters via email.<\/p>\n<p><!-- \/wp:paragraph --><\/p>\n<p><!-- wp:heading {\"level\":3} --><\/p>\n<h3>1. Information om personuppgifter<\/h3>\n<p><!-- \/wp:heading --><\/p>\n<p><!-- wp:paragraph --><\/p>\n<p>I denna personuppgiftspolicy kallas vi, med organisationsnummer 559075-5996, f\u00f6r Premium Bil och \u00e4r personuppgiftsansvarig. Personuppgifter \u00e4r uppgifter genom vilka vi direkt eller indirekt kan identifiera dig, t.ex. ditt namn, ditt telefonnummer, din e-postadress.<\/p>\n<p><!-- \/wp:paragraph --><\/p>\n<p><!-- wp:heading {\"level\":3} --><\/p>\n<h3>2. Behandling av personuppgifter<\/h3>\n<p><!-- \/wp:heading --><\/p>\n<p><!-- wp:paragraph --><\/p>\n<p>Allt vi g\u00f6r med dina personuppgifter r\u00e4knas som behandlingar. Det g\u00e4ller oavsett om vi anv\u00e4nder automatiserade system eller inte. Vi behandlar dina personuppgifter i samband med utskick av information, betalningar, hantering av reklamationer, f\u00f6r att kunna uppfylla g\u00e4llande lagstiftning som t.ex. bokf\u00f6ringslagen, f\u00f6r att skicka nyhetsbrev etc.<\/p>\n<p><!-- \/wp:paragraph --><\/p>\n<p><!-- wp:heading {\"level\":3} --><\/p>\n<h3>3. Personuppgifter som hanteras<\/h3>\n<p><!-- \/wp:heading --><\/p>\n<p><!-- wp:paragraph --><\/p>\n<p>De personuppgifter som vi samlar in om dig utg\u00f6rs av kunduppgifter. Det \u00e4r uppgifter som exempelvis namn, e-postadress, telefonnummer, adressuppgifter samt annan information som l\u00e4mnats av dig.<\/p>\n<p><!-- \/wp:paragraph --><\/p>\n<p><!-- wp:heading {\"level\":3} --><\/p>\n<h3>4. Vad uppgifterna anv\u00e4nds till<\/h3>\n<p><!-- \/wp:heading --><\/p>\n<p><!-- wp:paragraph --><\/p>\n<p>F\u00f6r att vi ska f\u00e5 behandla dina personuppgifter, kr\u00e4vs att vi har angivit ett uttryckligt och ber\u00e4ttigat syfte med behandlingen. Personuppgifterna f\u00e5r sedan inte behandlas p\u00e5 ett s\u00e4tt som \u00e4r of\u00f6renligt med det ursprungliga syftet. Ut\u00f6ver detta, m\u00e5ste vi ha st\u00f6d i lag, s\u00e5 kallad r\u00e4ttslig grund, f\u00f6r att f\u00e5 behandla personuppgifter.<\/p>\n<p><!-- \/wp:paragraph --><\/p>\n<p><!-- wp:paragraph --><\/p>\n<p>De behandlingar av personuppgifter som vi utf\u00f6r, st\u00f6der vi p\u00e5 f\u00f6ljande r\u00e4ttsliga grunder samt samtycke:<\/p>\n<p><!-- \/wp:paragraph --><\/p>\n<p><!-- wp:paragraph --><\/p>\n<p>a) Behandling av dina personuppgifter \u00e4r n\u00f6dv\u00e4ndig f\u00f6r att\u00a0<strong>ing\u00e5 eller fullg\u00f6ra avtalet<\/strong>\u00a0med dig(den bostadsr\u00e4ttsf\u00f6rening som du f\u00f6retr\u00e4der i egenskap av styrelseledamot, revisor eller f\u00f6rvaltare).<\/p>\n<p><!-- \/wp:paragraph --><\/p>\n<p><!-- wp:paragraph --><\/p>\n<p>b) Behandlingen av dina personuppgifter \u00e4r n\u00f6dv\u00e4ndig f\u00f6r att vi ska kunna\u00a0<strong>fullg\u00f6ra en r\u00e4ttslig f\u00f6rpliktelse<\/strong>, t.ex. att spara personuppgifter f\u00f6r bokf\u00f6rings\u00e4ndam\u00e5l.<\/p>\n<p><!-- \/wp:paragraph --><\/p>\n<p><!-- wp:paragraph --><\/p>\n<p>c) Vi bed\u00f6mer, efter en s\u00e5 kallad\u00a0<strong>intresseavv\u00e4gning<\/strong>, att v\u00e5ra intressen av att f\u00e5 behandla dina personuppgifter v\u00e4ger tyngre \u00e4n din r\u00e4tt till integritetsskydd.<\/p>\n<p><!-- \/wp:paragraph --><\/p>\n<p><!-- wp:paragraph --><\/p>\n<p>F\u00f6r att vi ska kunna fullg\u00f6ra avtalet med dig beh\u00f6ver vi behandla och hantera dina personuppgifter. Nedan f\u00f6ljer exempel p\u00e5 f\u00f6r vilka \u00e4ndam\u00e5l vi behandlar dina personuppgifter och med vilken r\u00e4ttslig grund vi g\u00f6r detta.<\/p>\n<p><!-- \/wp:paragraph --><\/p>\n<p><!-- wp:heading --><\/p>\n<h2>Tillhandah\u00e5llande av tj\u00e4nster<\/h2>\n<p><!-- \/wp:heading --><\/p>\n<p><!-- wp:paragraph --><\/p>\n<p>Vi behandlar dina personuppgifter i den omfattning det beh\u00f6vs f\u00f6r att vi ska kunna identifiera dig som kund. Vi beh\u00f6ver \u00e4ven behandla dina personuppgifter f\u00f6r att kunna debitera dig enligt avtalet samt f\u00f6r att kunna vidta inkasso\u00e5tg\u00e4rder om detta beh\u00f6vs f\u00f6r att s\u00e4kerst\u00e4lla att v\u00e5r fordran blir betald.<\/p>\n<p><!-- \/wp:paragraph --><\/p>\n<p><!-- wp:paragraph --><\/p>\n<p><em>R\u00e4ttslig grund av ovan enligt f\u00f6ljande: Fullg\u00f6rande av avtal enligt punkten 1 och Ber\u00e4ttigat intresse enligt punkten 3. V\u00e5rt ber\u00e4ttigade intresse f\u00f6r behandlingen i denna del \u00e4r att vi s\u00e4kerst\u00e4ller betalning enligt avtalet med dig.<\/em><\/p>\n<p><!-- \/wp:paragraph --><\/p>\n<p><!-- wp:heading --><\/p>\n<h2>Annan kommunikation om tj\u00e4nster<\/h2>\n<p><!-- \/wp:heading --><\/p>\n<p><!-- wp:paragraph --><\/p>\n<p>Vi behandlar personuppgifter i samband med annan kommunikation med dig, t.ex. f\u00f6r att tillhandah\u00e5lla dig information. Det kan t.ex. ske i form av nyhetsbrev som skickas via e-post. Vi behandlar \u00e4ven personuppgifter som vi f\u00e5r fr\u00e5n dig n\u00e4r och om du har valt att svara p\u00e5 kundunders\u00f6kningar som vi har skickat till dig eller som du tagit del av p\u00e5 annat s\u00e4tt.<\/p>\n<p><!-- \/wp:paragraph --><\/p>\n<p><!-- wp:paragraph --><\/p>\n<p><em>R\u00e4ttslig grund av ovan enligt f\u00f6ljande: Fullg\u00f6rande av avtal enligt punkten 1 och Ber\u00e4ttigat intresse enligt punkten 3. V\u00e5ra ber\u00e4ttigade intressen f\u00f6r behandling av personuppgifter i kundunders\u00f6kningar \u00e4r att vi vill f\u00e5 in dina \u00e5sikter f\u00f6r att utifr\u00e5n det f\u00f6rb\u00e4ttra v\u00e5rt erbjudande.<\/em><\/p>\n<p><!-- \/wp:paragraph --><\/p>\n<p><!-- wp:heading --><\/p>\n<h2>Efterlevnad av lagar<\/h2>\n<p><!-- \/wp:heading --><\/p>\n<p><!-- wp:paragraph --><\/p>\n<p>Vi behandlar dina personuppgifter i syfte att kunna fullg\u00f6ra de lagstadgade skyldigheter som \u00e5vilar oss, t.ex. bokf\u00f6ringslagens krav p\u00e5 lagring av bokf\u00f6ringsmaterial.<\/p>\n<p><!-- \/wp:paragraph --><\/p>\n<p><!-- wp:paragraph --><\/p>\n<p><em>R\u00e4ttslig grund av ovan enligt f\u00f6ljande: R\u00e4ttslig f\u00f6rpliktelse enligt punkten 2.<\/em><\/p>\n<p><!-- \/wp:paragraph --><\/p>\n<p><!-- wp:heading {\"level\":3} --><\/p>\n<h3>5. Hur vi samlar in uppgifterna<\/h3>\n<p><!-- \/wp:heading --><\/p>\n<p><!-- wp:paragraph --><\/p>\n<p>Vi samlar in personuppgifter i samband med att du registrerar dig p\u00e5 hemsidan, kontakter med er ekonomiska f\u00f6rvaltare, telefon eller genom personligt bes\u00f6k hos oss.<\/p>\n<p><!-- \/wp:paragraph --><\/p>\n<p><!-- wp:heading {\"level\":3} --><\/p>\n<h3>6. Hur l\u00e4nge uppgifterna sparas<\/h3>\n<p><!-- \/wp:heading --><\/p>\n<p><!-- wp:paragraph --><\/p>\n<p>Vi sparar inte personuppgifter om dig l\u00e4ngre \u00e4n vi beh\u00f6ver utifr\u00e5n det syfte vi behandlar dem f\u00f6r. Vi sparar d\u00e4rf\u00f6r aldrig personuppgifter bara f\u00f6r att de \u00e4r \u201dbra att ha\u201d, utan har alltid ett definierat syfte som har st\u00f6d i lagstiftning eller i avtal.<\/p>\n<p><!-- \/wp:paragraph --><\/p>\n<p><!-- wp:paragraph --><\/p>\n<p>Eftersom de uppgifter som vi samlar in behandlas f\u00f6r olika syften, sparas de ocks\u00e5 under olika l\u00e5ng tid. Det kan d\u00e4rf\u00f6r vara s\u00e5 att personuppgifter om dig finns sparade i ett system, men raderas i ett annat.<\/p>\n<p><!-- \/wp:paragraph --><\/p>\n<p><!-- wp:heading {\"level\":3} --><\/p>\n<h3>7. Till vem uppgifterna l\u00e4mnas ut<\/h3>\n<p><!-- \/wp:heading --><\/p>\n<p><!-- wp:paragraph --><\/p>\n<p>I vissa situationer delar vi dina personuppgifter med andra. Nedan beskriver vi n\u00e4r och varf\u00f6r vi g\u00f6r detta. Vi vill understryka att vi aldrig l\u00e4mnar \u00f6ver dina personuppgifter om detta inte kr\u00e4vs f\u00f6r att vi ska kunna utf\u00f6ra n\u00e5gon av de behandlingar som anges ovan, vilka vi har ett syfte och som det finns laglig grund f\u00f6r. Vi s\u00e4ljer inte heller dina personuppgifter vidare till andra.<\/p>\n<p><!-- \/wp:paragraph --><\/p>\n<p><!-- wp:heading {\"level\":3} --><\/p>\n<h3>Leverant\u00f6rer och andra personuppgiftsbitr\u00e4den som behandlar personuppgifter f\u00f6r v\u00e5r r\u00e4kning<\/h3>\n<p><!-- \/wp:heading --><\/p>\n<p><!-- wp:paragraph --><\/p>\n<p>Vi anlitar olika leverant\u00f6rer f\u00f6r att vi ska kunna tillhandah\u00e5lla v\u00e5ra tj\u00e4nster. N\u00e4r vi anv\u00e4nder oss av leverant\u00f6rer som behandlar personuppgifter f\u00f6r v\u00e5r r\u00e4kning, reglerar vi i avtal att leverant\u00f6ren (personuppgiftsbitr\u00e4det) endast f\u00e5r behandla personuppgifter f\u00f6r \u00e4ndam\u00e5l som vi best\u00e4mmer och p\u00e5 s\u00e4rskilda instruktioner fr\u00e5n oss. V\u00e5ra leverant\u00f6rer f\u00e5r allts\u00e5 inte g\u00f6ra n\u00e5gonting med dina personuppgifter som vi inte uttryckligen talat om f\u00f6r dem att de ska g\u00f6ra. Vi st\u00e4ller \u00e4ven krav p\u00e5 att leverant\u00f6rens hantering av personuppgifter ska vara s\u00e4ker och korrekt.<\/p>\n<p><!-- \/wp:paragraph --><\/p>\n<p><!-- wp:heading {\"level\":3} --><\/p>\n<h3>8. Dina r\u00e4ttigheter<\/h3>\n<p><!-- \/wp:heading --><\/p>\n<p><!-- wp:paragraph --><\/p>\n<p>Du har r\u00e4tt att f\u00e5 information om hur vi behandlar dina personuppgifter. S\u00e5dan information f\u00e5r du i denna policy. Om du har ytterligare fr\u00e5gor om v\u00e5r behandling av personuppgifter, \u00e4r du v\u00e4lkommen att kontakta oss. Kontaktuppgifter hittar du l\u00e4ngst ner i policyn.<\/p>\n<p><!-- \/wp:paragraph --><\/p>\n<p><!-- wp:paragraph --><\/p>\n<p>Ut\u00f6ver r\u00e4tt till information, har du \u00e4ven andra r\u00e4ttigheter i relation till dina personuppgifter. Du kan t.ex. p\u00e5verka v\u00e5r behandling genom att beg\u00e4ra utdrag, r\u00e4ttelse, radering och begr\u00e4nsning. Du har \u00e4ven r\u00e4tt att inv\u00e4nda mot viss behandling som vi utf\u00f6r samt beg\u00e4ra ut dina personuppgifter eller beg\u00e4ra att de flyttas.<\/p>\n<p><!-- \/wp:paragraph --><\/p>\n<p><!-- wp:paragraph --><\/p>\n<p>Din r\u00e4tt att bli raderad f\u00f6ruts\u00e4tter att uppgifterna inte l\u00e4ngre beh\u00f6vs f\u00f6r det \u00e4ndam\u00e5l som de samlats in f\u00f6r, om behandlingen grundar sig p\u00e5 en intresseavv\u00e4gning och det inte finns ber\u00e4ttigade sk\u00e4l som v\u00e4ger tyngre \u00e4n ditt intresse, om personuppgifterna har behandlats olagligt, eller om du inv\u00e4nder mot behandling f\u00f6r direktmarknadsf\u00f6rings\u00e4ndam\u00e5l. R\u00e4tten att bli raderad g\u00e4ller inte om vi \u00e4r skyldiga enligt lag (t ex bokf\u00f6ringslagen) att beh\u00e5lla uppgifterna.<\/p>\n<p><!-- \/wp:paragraph --><\/p>\n<p><!-- wp:paragraph --><\/p>\n<p>Du har r\u00e4tt att kostnadsfritt en g\u00e5ng per \u00e5r beg\u00e4ra utdrag, du kan \u00e4ven beg\u00e4ra r\u00e4ttelse, radering och\/eller begr\u00e4nsning avseende de personuppgifter vi behandlar om dig. Eftersom det \u00e4r viktigt att vi inte l\u00e4mnar ut dina personuppgifter till n\u00e5gon annan, ska en s\u00e5dan beg\u00e4ran g\u00f6ras skriftligen och undertecknas av dig. Specificera dessutom vad beg\u00e4ran avser. Skicka beg\u00e4ran i ett brev till oss d\u00e4r du anger ditt namn och personnummer, din adress och en av dig undertecknad kopia av giltig ID-handling.<\/p>\n<p><!-- \/wp:paragraph --><\/p>\n<p><!-- wp:paragraph --><\/p>\n<p>Registerutdraget kommer att skickas till dig inom 30 dagar fr\u00e5n det att vi tog emot beg\u00e4ran. Om utdraget \u00e4r omfattande s\u00e5 att vi beh\u00f6ver mer tid eller om vi av n\u00e5gon anledning inte kan genomf\u00f6ra din beg\u00e4ran, meddelar vi dig detta.<\/p>\n<p><!-- \/wp:paragraph --><\/p>\n<p><!-- wp:paragraph --><\/p>\n<p>V\u00e4nligen skicka din beg\u00e4ran till oss: Rapsgatan 33, 754 50 Uppsala.<\/p>\n<p><!-- \/wp:paragraph --><\/p>\n<p><!-- wp:heading {\"level\":3} --><\/p>\n<h3>9. S\u00e4kerhet<\/h3>\n<p><!-- \/wp:heading --><\/p>\n<p><!-- wp:paragraph --><\/p>\n<p>Vi skyddar dina personuppgifter genom en kombination av tekniska och organisatoriska l\u00f6sningar. \u00c5tkomstsystem kr\u00e4vs f\u00f6r tillg\u00e5ng till samtliga av v\u00e5ra\u00a0system som hanterar personuppgifter. Anst\u00e4llda hos oss\u00a0samt personuppgiftsbitr\u00e4den och underbitr\u00e4den ska f\u00f6lja v\u00e5r interna informationss\u00e4kerhetspolicy.<\/p>\n<p><!-- \/wp:paragraph --><\/p>\n<p><!-- wp:heading {\"level\":3} --><\/p>\n<h3>10. Cookies<\/h3>\n<p><!-- \/wp:heading --><\/p>\n<p><!-- wp:paragraph --><\/p>\n<p>Vi\u00a0anv\u00e4nder s\u00e5 kallade cookies p\u00e5 hemsidan www.premiumbil.se Syftet \u00e4r att hemsidan ska fungera p\u00e5 b\u00e4sta s\u00e4tt, f\u00f6r att ge dig tillg\u00e5ng till vissa funktioner samt f\u00f6r att f\u00e5 information om bes\u00f6k p\u00e5 hemsidan. En cookie \u00e4r en liten textfil som lagras p\u00e5 bes\u00f6karens dator och som inneh\u00e5ller information. Det finns tv\u00e5 typer av cookies; dels permanenta cookies som sparar en fil p\u00e5 bes\u00f6karens dator till dess att filen tas bort, dels sessionscookies som f\u00f6rsvinner n\u00e4r du st\u00e4nger din webbl\u00e4sare. P\u00e5 v\u00e5r\u00a0hemsida anv\u00e4nds \u00e4ven tredjepartscookies f\u00f6r bl.a. Google Analytics.<\/p>\n<p><!-- \/wp:paragraph --><\/p>\n<p><!-- wp:paragraph --><\/p>\n<p>Vi\u00a0anv\u00e4nder cookies f\u00f6r att f\u00f6rb\u00e4ttra upplevelsen p\u00e5 hemsidan p\u00e5 f\u00f6ljande s\u00e4tt:<\/p>\n<p><!-- \/wp:paragraph --><\/p>\n<p><!-- wp:list --><\/p>\n<ul>\n<li>Kontrollerar hur hemsidan anv\u00e4nds genom att kolla p\u00e5 trafikm\u00f6nster.<\/li>\n<li>Samlar in och analyserar beteendedata baserat p\u00e5 anv\u00e4ndning av webbplats och tj\u00e4nster i syfte att f\u00f6rb\u00e4ttra anv\u00e4ndarupplevelsen.<\/li>\n<\/ul>\n<p><!-- \/wp:list --><\/p>\n<p><!-- wp:heading {\"level\":3} --><\/p>\n<h3>11. Klagom\u00e5l<\/h3>\n<p><!-- \/wp:heading --><\/p>\n<p><!-- wp:paragraph --><\/p>\n<p>Om du anser att vi behandlar dina personuppgifter i strid med g\u00e4llande regler b\u00f6r du anm\u00e4la detta till oss s\u00e5 snart som m\u00f6jligt. Du kan \u00e4ven v\u00e4nda dig direkt till Datainspektionen och l\u00e4mna in ditt klagom\u00e5l.<\/p>\n<p><!-- \/wp:paragraph --><\/p>\n<p><!-- wp:heading {\"level\":3} --><\/p>\n<h3>12. Skadest\u00e5nd<\/h3>\n<p><!-- \/wp:heading --><\/p>\n<p><!-- wp:paragraph --><\/p>\n<p>Om du har lidit skada p\u00e5 grund av att dina personuppgifter har behandlats i strid med g\u00e4llande regler kan du ha r\u00e4tt till skadest\u00e5nd. I s\u00e5dana fall kan du, efter en skriftlig beg\u00e4ran, beg\u00e4ra skadest\u00e5nd fr\u00e5n oss eller v\u00e4cka skadest\u00e5ndstalan i domstol.<\/p>\n<p><!-- \/wp:paragraph --><\/p>\n<p><!-- wp:heading {\"level\":3} --><\/p>\n<h3>13. Personuppgiftsansvarig<\/h3>\n<p><!-- \/wp:heading --><\/p>\n<p><!-- wp:paragraph --><\/p>\n<p>F\u00f6retaget \u00e4r personuppgiftsansvarig och ansvarar f\u00f6r de personuppgifter som behandlas under varum\u00e4rket F\u00f6retaget. Vi best\u00e4mmer \u00e4ndam\u00e5len f\u00f6r behandlingen och hur den g\u00e5r till. Vi best\u00e4mmer \u00e4ven hur personuppgifter behandlas n\u00e4r vi anv\u00e4nder oss av underleverant\u00f6rer.<\/p>\n<p><!-- \/wp:paragraph --><\/p>\n<p><!-- wp:heading {\"level\":3} --><\/p>\n<h3>14. Kontaktuppgifter<\/h3>\n<p><!-- \/wp:heading --><\/p>\n<p><!-- wp:paragraph --><\/p>\n<p>Premium Bil<br \/>\u00c5karegatan 5\u00a0<\/p>\n<p>754 54 Uppsala<br \/>073 310 67 65<\/p>\n<p>info@premiumbil.nu<\/p>\n<p><!-- \/wp:paragraph --><\/p>\n<p><!-- wp:spacer {\"height\":\"50px\",\"editorskit\":{\"devices\":false,\"desktop\":true,\"tablet\":true,\"mobile\":true,\"loggedin\":true,\"loggedout\":true,\"acf_visibility\":\"\",\"acf_field\":\"\",\"acf_condition\":\"\",\"acf_value\":\"\",\"migrated\":false,\"unit_test\":false}} --><\/p>\n<div style=\"height: 50px;\" aria-hidden=\"true\">\u00a0<\/div>\n<div style=\"height: 50px;\" aria-hidden=\"true\">Ink\u00f6p:<\/div>\n<div aria-hidden=\"true\">Elliot.L<\/div>\n<div style=\"height: 50px;\" aria-hidden=\"true\"><strong>+46733106765\u00a0<\/strong><\/div>\n<div aria-hidden=\"true\">\n<h4 class=\"elementor-image-box-title\"><strong><a href=\"mailto:fredrik@premiumbil.nu\" target=\"_blank\" rel=\"noopener\">Fredrik. S<\/a><\/strong><\/h4>\n<h4 class=\"elementor-image-box-title\"><strong>+46721618549<\/strong><\/h4>\n<\/div>\n<div aria-hidden=\"true\">_____________________<\/div>\n<div aria-hidden=\"true\">\u00a0<\/div>\n<div style=\"height: 50px;\" aria-hidden=\"true\"><span style=\"color: #393939; font-family: 'Open Sans', sans-serif; font-size: 14px; font-style: normal; font-weight: 400; letter-spacing: normal; text-align: var(--text-align);\">0764650947<\/span><\/div>\n<div aria-hidden=\"true\"><span style=\"color: #393939; font-family: 'Open Sans', sans-serif; font-size: 14px; font-style: normal; font-weight: 400; letter-spacing: normal; text-align: var(--text-align);\">+46764650947<\/span><\/div>\n<div aria-hidden=\"true\">\u00a0<\/div>\n<p><!-- \/wp:spacer --><\/p>\t\t\t\t\t\t\t\t<\/div>\n\t\t\t\t<\/div>\n\t\t\t\t\t<\/div>\n\t\t\t\t<\/div>\n\t\t\t\t<\/div>","protected":false},"excerpt":{"rendered":"<p>GDPR Personuppgiftspolicy GDPR \u2013 Personuppgiftspolicy Fr\u00e5n den 25 maj 2018 har personuppgiftslagen (PUL) ersatts av den nya dataskyddsf\u00f6rordningen (GDPR). Syftet med PUL har varit att skydda m\u00e4nniskor mot att deras personliga integritet kr\u00e4nks n\u00e4r deras personuppgifter behandlas. GDPR st\u00e4ller h\u00f6gre krav p\u00e5 hur vi som organisation behandlar dina personuppgifter och ger dig b\u00e4ttre m\u00f6jligheter att&#8230;<\/p>","protected":false},"author":5,"featured_media":0,"parent":0,"menu_order":0,"comment_status":"closed","ping_status":"closed","template":"","meta":{"om_disable_all_campaigns":false,"_monsterinsights_skip_tracking":false,"_monsterinsights_sitenote_active":false,"_monsterinsights_sitenote_note":"","_monsterinsights_sitenote_category":0,"_uf_show_specific_survey":0,"_uf_disable_surveys":false,"footnotes":""},"class_list":["post-1501","page","type-page","status-publish","hentry"],"aioseo_notices":[],"_links":{"self":[{"href":"https:\/\/premiumbil.nu\/en\/wp-json\/wp\/v2\/pages\/1501","targetHints":{"allow":["GET"]}}],"collection":[{"href":"https:\/\/premiumbil.nu\/en\/wp-json\/wp\/v2\/pages"}],"about":[{"href":"https:\/\/premiumbil.nu\/en\/wp-json\/wp\/v2\/types\/page"}],"author":[{"embeddable":true,"href":"https:\/\/premiumbil.nu\/en\/wp-json\/wp\/v2\/users\/5"}],"replies":[{"embeddable":true,"href":"https:\/\/premiumbil.nu\/en\/wp-json\/wp\/v2\/comments?post=1501"}],"version-history":[{"count":27,"href":"https:\/\/premiumbil.nu\/en\/wp-json\/wp\/v2\/pages\/1501\/revisions"}],"predecessor-version":[{"id":6575,"href":"https:\/\/premiumbil.nu\/en\/wp-json\/wp\/v2\/pages\/1501\/revisions\/6575"}],"wp:attachment":[{"href":"https:\/\/premiumbil.nu\/en\/wp-json\/wp\/v2\/media?parent=1501"}],"curies":[{"name":"wp","href":"https:\/\/api.w.org\/{rel}","templated":true}]}}