{"id":4942,"date":"2024-01-24T16:03:31","date_gmt":"2024-01-24T15:03:31","guid":{"rendered":"https:\/\/premiumbil.nu\/?page_id=4942"},"modified":"2026-03-25T14:20:32","modified_gmt":"2026-03-25T13:20:32","slug":"kvalitetskontroll","status":"publish","type":"page","link":"https:\/\/premiumbil.nu\/en\/kvalitetskontroll\/","title":{"rendered":"VERKSTAD"},"content":{"rendered":"<div data-elementor-type=\"wp-page\" data-elementor-id=\"4942\" class=\"elementor elementor-4942\" data-elementor-post-type=\"page\">\n\t\t\t\t<div class=\"elementor-element elementor-element-5437028a e-con-full e-flex e-con e-parent\" data-id=\"5437028a\" data-element_type=\"container\" data-e-type=\"container\" data-settings=\"{&quot;background_background&quot;:&quot;classic&quot;}\">\n\t\t\t\t<div class=\"elementor-element elementor-element-5336dc48 elementor-invisible elementor-widget elementor-widget-icon-box\" data-id=\"5336dc48\" data-element_type=\"widget\" data-e-type=\"widget\" data-settings=\"{&quot;_animation&quot;:&quot;fadeInDown&quot;}\" data-widget_type=\"icon-box.default\">\n\t\t\t\t<div class=\"elementor-widget-container\">\n\t\t\t\t\t\t\t<div class=\"elementor-icon-box-wrapper\">\n\n\t\t\t\n\t\t\t\t\t\t<div class=\"elementor-icon-box-content\">\n\n\t\t\t\t\t\t\t\t\t<h3 class=\"elementor-icon-box-title\">\n\t\t\t\t\t\t<span  >\n\t\t\t\t\t\t\tVERKSTAD\t\t\t\t\t\t<\/span>\n\t\t\t\t\t<\/h3>\n\t\t\t\t\n\t\t\t\t\t\t\t\t\t<p class=\"elementor-icon-box-description\">\n\t\t\t\t\t\tPremium Bil \t\t\t\t\t<\/p>\n\t\t\t\t\n\t\t\t<\/div>\n\t\t\t\n\t\t<\/div>\n\t\t\t\t\t\t<\/div>\n\t\t\t\t<\/div>\n\t\t\t\t<\/div>\n\t\t<div class=\"elementor-element elementor-element-219d87da e-flex e-con-boxed elementor-invisible e-con e-parent\" data-id=\"219d87da\" data-element_type=\"container\" data-e-type=\"container\" data-settings=\"{&quot;background_background&quot;:&quot;classic&quot;,&quot;animation&quot;:&quot;pulse&quot;}\">\n\t\t\t\t\t<div class=\"e-con-inner\">\n\t\t<div class=\"elementor-element elementor-element-3a5aa4f1 e-con-full e-flex e-con e-child\" data-id=\"3a5aa4f1\" data-element_type=\"container\" data-e-type=\"container\">\n\t\t\t\t<div class=\"elementor-element elementor-element-64e38117 elementor-widget elementor-widget-heading\" data-id=\"64e38117\" data-element_type=\"widget\" data-e-type=\"widget\" data-widget_type=\"heading.default\">\n\t\t\t\t<div class=\"elementor-widget-container\">\n\t\t\t\t\t<h2 class=\"elementor-heading-title elementor-size-default\">Ensured quality at Premium Bil<\/h2>\t\t\t\t<\/div>\n\t\t\t\t<\/div>\n\t\t\t\t<div class=\"elementor-element elementor-element-13dbce4 elementor-widget elementor-widget-image-box\" data-id=\"13dbce4\" data-element_type=\"widget\" data-e-type=\"widget\" data-widget_type=\"image-box.default\">\n\t\t\t\t<div class=\"elementor-widget-container\">\n\t\t\t\t\t<div class=\"elementor-image-box-wrapper\"><div class=\"elementor-image-box-content\"><p class=\"elementor-image-box-description\">We always strive to provide our customers with the security they deserve by ensuring that every car meets our high standards before it reaches our customers' hands. Your satisfaction and safety are our top priorities.<\/p><\/div><\/div>\t\t\t\t<\/div>\n\t\t\t\t<\/div>\n\t\t\t\t<\/div>\n\t\t<div class=\"elementor-element elementor-element-5c1fa326 e-con-full e-flex e-con e-child\" data-id=\"5c1fa326\" data-element_type=\"container\" data-e-type=\"container\" data-settings=\"{&quot;background_background&quot;:&quot;classic&quot;}\">\n\t\t\t\t<div class=\"elementor-element elementor-element-7a7de190 elementor-widget elementor-widget-image-box\" data-id=\"7a7de190\" data-element_type=\"widget\" data-e-type=\"widget\" data-widget_type=\"image-box.default\">\n\t\t\t\t<div class=\"elementor-widget-container\">\n\t\t\t\t\t<div class=\"elementor-image-box-wrapper\"><div class=\"elementor-image-box-content\"><h4 class=\"elementor-image-box-title\">Workshop<br><\/h4><p class=\"elementor-image-box-description\">\n\nP\u00e5 Premium Bil har vi en egen premiumverkstad d\u00e4r varje bil genomg\u00e5r noggranna kontroller innan den k\u00f6ps in, s\u00e4ljs eller ing\u00e5r i v\u00e5ra aff\u00e4rer. Genom att hantera hela processen internt s\u00e4kerst\u00e4ller vi att varje fordon uppfyller v\u00e5ra h\u00f6gt st\u00e4llda krav p\u00e5 kvalitet, funktion och skick.\n\nV\u00e5r verkstad arbetar med precision och expertis f\u00f6r att varje bil ska h\u00e5lla en standard som motsvarar b\u00e5de v\u00e5ra och v\u00e5ra kunders f\u00f6rv\u00e4ntningar. Detta g\u00e4ller oavsett om det handlar om en bil till f\u00f6rs\u00e4ljning eller en del av v\u00e5ra tradingaff\u00e4rer.\n\nResultatet \u00e4r en tryggare aff\u00e4r, h\u00f6gre kvalitet och en upplevelse i linje med vad man kan f\u00f6rv\u00e4nta sig av Premium Bil.<\/p><\/div><\/div>\t\t\t\t<\/div>\n\t\t\t\t<\/div>\n\t\t\t\t<div class=\"elementor-element elementor-element-196bf01 elementor-widget elementor-widget-image-box\" data-id=\"196bf01\" data-element_type=\"widget\" data-e-type=\"widget\" data-widget_type=\"image-box.default\">\n\t\t\t\t<div class=\"elementor-widget-container\">\n\t\t\t\t\t<div class=\"elementor-image-box-wrapper\"><div class=\"elementor-image-box-content\"><h4 class=\"elementor-image-box-title\"><br>Experience<\/h4><p class=\"elementor-image-box-description\">Vi har inte bara en noggrann inst\u00e4llning till v\u00e5rt arbete, utan vi har ocks\u00e5 tekniker med omfattande erfarenhet inom prestige-m\u00e4rken som Porsche, Ferrari och Lamborghini. Denna djupa kompetens \u00e4r en del av v\u00e5r styrka och g\u00f6r att vi kan garantera h\u00f6gsta kvalitet och expertis i varje projekt. Hos Premium Bil \u00e4r varje bil i trygga h\u00e4nder, och v\u00e5r passion f\u00f6r det vi g\u00f6r speglar sig i varje kvalitetskontroll och varje reparation. \u200b<\/p><\/div><\/div>\t\t\t\t<\/div>\n\t\t\t\t<\/div>\n\t\t\t\t<\/div>\n\t\t\t\t\t<\/div>\n\t\t\t\t<\/div>\n\t\t<div class=\"elementor-element elementor-element-1cab8892 e-flex e-con-boxed e-con e-parent\" data-id=\"1cab8892\" data-element_type=\"container\" data-e-type=\"container\" data-settings=\"{&quot;background_background&quot;:&quot;classic&quot;}\">\n\t\t\t\t\t<div class=\"e-con-inner\">\n\t\t\t\t\t<\/div>\n\t\t\t\t<\/div>\n\t\t\t\t<\/div>","protected":false},"excerpt":{"rendered":"<p>VERKSTAD Premium Bil S\u00e4kerst\u00e4lld kvalitet p\u00e5 Premium Bil Vi str\u00e4var alltid efter att ge v\u00e5ra kunder den trygghet de f\u00f6rtj\u00e4nar genom att s\u00e4kerst\u00e4lla att varje bil uppfyller v\u00e5ra h\u00f6ga standarder innan den n\u00e5r v\u00e5ra kunders h\u00e4nder. Din tillfredsst\u00e4llelse och trygghet \u00e4r v\u00e5r h\u00f6gsta prioritet. Verkstad P\u00e5 Premium Bil har vi en egen premiumverkstad d\u00e4r varje&#8230;<\/p>","protected":false},"author":10,"featured_media":0,"parent":0,"menu_order":0,"comment_status":"closed","ping_status":"closed","template":"","meta":{"om_disable_all_campaigns":false,"_monsterinsights_skip_tracking":false,"_monsterinsights_sitenote_active":false,"_monsterinsights_sitenote_note":"","_monsterinsights_sitenote_category":0,"_uf_show_specific_survey":0,"_uf_disable_surveys":false,"footnotes":""},"class_list":["post-4942","page","type-page","status-publish","hentry"],"aioseo_notices":[],"_links":{"self":[{"href":"https:\/\/premiumbil.nu\/en\/wp-json\/wp\/v2\/pages\/4942","targetHints":{"allow":["GET"]}}],"collection":[{"href":"https:\/\/premiumbil.nu\/en\/wp-json\/wp\/v2\/pages"}],"about":[{"href":"https:\/\/premiumbil.nu\/en\/wp-json\/wp\/v2\/types\/page"}],"author":[{"embeddable":true,"href":"https:\/\/premiumbil.nu\/en\/wp-json\/wp\/v2\/users\/10"}],"replies":[{"embeddable":true,"href":"https:\/\/premiumbil.nu\/en\/wp-json\/wp\/v2\/comments?post=4942"}],"version-history":[{"count":83,"href":"https:\/\/premiumbil.nu\/en\/wp-json\/wp\/v2\/pages\/4942\/revisions"}],"predecessor-version":[{"id":6572,"href":"https:\/\/premiumbil.nu\/en\/wp-json\/wp\/v2\/pages\/4942\/revisions\/6572"}],"wp:attachment":[{"href":"https:\/\/premiumbil.nu\/en\/wp-json\/wp\/v2\/media?parent=4942"}],"curies":[{"name":"wp","href":"https:\/\/api.w.org\/{rel}","templated":true}]}}