{"id":4949,"date":"2024-01-24T17:08:10","date_gmt":"2024-01-24T16:08:10","guid":{"rendered":"https:\/\/premiumbil.nu\/?page_id=4949"},"modified":"2024-04-18T14:49:08","modified_gmt":"2024-04-18T12:49:08","slug":"premiumbilar-2","status":"publish","type":"page","link":"https:\/\/premiumbil.nu\/en\/premiumbilar-2\/","title":{"rendered":"Premium cars."},"content":{"rendered":"<div data-elementor-type=\"wp-page\" data-elementor-id=\"4949\" class=\"elementor elementor-4949\" data-elementor-post-type=\"page\">\n\t\t\t\t<div class=\"elementor-element elementor-element-58891e0b e-con-full e-flex e-con e-parent\" data-id=\"58891e0b\" data-element_type=\"container\" data-e-type=\"container\" data-settings=\"{&quot;background_background&quot;:&quot;classic&quot;,&quot;animation&quot;:&quot;none&quot;}\">\n\t\t\t\t<div class=\"elementor-element elementor-element-1f784b0c elementor-invisible elementor-widget elementor-widget-heading\" data-id=\"1f784b0c\" data-element_type=\"widget\" data-e-type=\"widget\" data-settings=\"{&quot;_animation&quot;:&quot;fadeIn&quot;}\" data-widget_type=\"heading.default\">\n\t\t\t\t<div class=\"elementor-widget-container\">\n\t\t\t\t\t<h2 class=\"elementor-heading-title elementor-size-default\">PREMIUM CARS<\/h2>\t\t\t\t<\/div>\n\t\t\t\t<\/div>\n\t\t\t\t<div class=\"elementor-element elementor-element-c0967da elementor-headline--style-rotate elementor-widget elementor-widget-animated-headline\" data-id=\"c0967da\" data-element_type=\"widget\" data-e-type=\"widget\" data-settings=\"{&quot;headline_style&quot;:&quot;rotate&quot;,&quot;rotating_text&quot;:&quot;K\\u00f6p\\nS\\u00e4lj&quot;,&quot;animation_type&quot;:&quot;blinds&quot;,&quot;loop&quot;:&quot;yes&quot;,&quot;rotate_iteration_delay&quot;:2500}\" data-widget_type=\"animated-headline.default\">\n\t\t\t\t<div class=\"elementor-widget-container\">\n\t\t\t\t\t\t\t<h3 class=\"elementor-headline elementor-headline-animation-type-blinds elementor-headline-letters\">\n\t\t\t\t<span class=\"elementor-headline-dynamic-wrapper elementor-headline-text-wrapper\">\n\t\t\t\t\t<span class=\"elementor-headline-dynamic-text elementor-headline-text-active\">\n\t\t\t\tK\u00f6p\t\t\t<\/span>\n\t\t\t\t\t<span class=\"elementor-headline-dynamic-text\">\n\t\t\t\tS\u00e4lj\t\t\t<\/span>\n\t\t\t\t\t\t<\/span>\n\t\t\t\t\t<span class=\"elementor-headline-plain-text elementor-headline-text-wrapper\">your car<\/span>\n\t\t\t\t\t<\/h3>\n\t\t\t\t\t\t<\/div>\n\t\t\t\t<\/div>\n\t\t\t\t<div class=\"elementor-element elementor-element-47015146 elementor-align-center elementor-widget elementor-widget-button\" data-id=\"47015146\" data-element_type=\"widget\" data-e-type=\"widget\" data-widget_type=\"button.default\">\n\t\t\t\t<div class=\"elementor-widget-container\">\n\t\t\t\t\t\t\t\t\t<div class=\"elementor-button-wrapper\">\n\t\t\t\t\t<a class=\"elementor-button elementor-button-link elementor-size-sm elementor-animation-grow\" href=\"https:\/\/www.blocket.se\/butik\/premium-bil\">\n\t\t\t\t\t\t<span class=\"elementor-button-content-wrapper\">\n\t\t\t\t\t\t\t\t\t<span class=\"elementor-button-text\">BILAR I LAGER<\/span>\n\t\t\t\t\t<\/span>\n\t\t\t\t\t<\/a>\n\t\t\t\t<\/div>\n\t\t\t\t\t\t\t\t<\/div>\n\t\t\t\t<\/div>\n\t\t\t\t<\/div>\n\t\t<div class=\"elementor-element elementor-element-62ab35b e-flex e-con-boxed e-con e-parent\" data-id=\"62ab35b\" data-element_type=\"container\" data-e-type=\"container\" data-settings=\"{&quot;background_background&quot;:&quot;classic&quot;}\">\n\t\t\t\t\t<div class=\"e-con-inner\">\n\t\t<div class=\"elementor-element elementor-element-4b477f42 e-con-full e-flex e-con e-child\" data-id=\"4b477f42\" data-element_type=\"container\" data-e-type=\"container\">\n\t\t\t\t<div class=\"elementor-element elementor-element-c493b9 elementor-invisible elementor-widget elementor-widget-heading\" data-id=\"c493b9\" data-element_type=\"widget\" data-e-type=\"widget\" data-settings=\"{&quot;_animation&quot;:&quot;fadeIn&quot;}\" data-widget_type=\"heading.default\">\n\t\t\t\t<div class=\"elementor-widget-container\">\n\t\t\t\t\t<h2 class=\"elementor-heading-title elementor-size-default\">Destination for exceptional cars<\/h2>\t\t\t\t<\/div>\n\t\t\t\t<\/div>\n\t\t\t\t<div class=\"elementor-element elementor-element-1a58de0a elementor-widget elementor-widget-text-editor\" data-id=\"1a58de0a\" data-element_type=\"widget\" data-e-type=\"widget\" data-widget_type=\"text-editor.default\">\n\t\t\t\t<div class=\"elementor-widget-container\">\n\t\t\t\t\t\t\t\t\t<p><strong>Premium Car - Your destination for exceptional cars with a passion for premium vehicles and 14 years of experience in the automotive industry, Premium Car is your destination. <\/strong><\/p><p><strong>We specialize in finding unique, high-performance vehicles that appeal to enthusiasts and individuals seeking that extra something special. Our cars find homes not only throughout Sweden but also beyond the country's borders, making each sale an exciting chapter in our history. <\/strong><\/p><p><strong>Our meticulous attention to detail sets us apart, and our extensive knowledge of prestigious brands such as Porsche, Ferrari, and Lamborghini guarantees first-class service. Whether you're buying, selling, or trading, trust Premium Car for a hassle-free automotive experience.<\/strong><\/p>\t\t\t\t\t\t\t\t<\/div>\n\t\t\t\t<\/div>\n\t\t\t\t<\/div>\n\t\t<div class=\"elementor-element elementor-element-3df82c86 e-con-full e-flex e-con e-child\" data-id=\"3df82c86\" data-element_type=\"container\" data-e-type=\"container\">\n\t\t\t\t<div class=\"elementor-element elementor-element-363a73ee elementor-widget elementor-widget-image\" data-id=\"363a73ee\" data-element_type=\"widget\" data-e-type=\"widget\" data-widget_type=\"image.default\">\n\t\t\t\t<div class=\"elementor-widget-container\">\n\t\t\t\t\t\t\t\t\t\t\t\t\t\t\t<img fetchpriority=\"high\" decoding=\"async\" width=\"640\" height=\"640\" src=\"https:\/\/premiumbil.nu\/wp-content\/uploads\/2024\/01\/Untitled-design-64-1024x1024.png\" class=\"attachment-large size-large wp-image-4955\" alt=\"\" srcset=\"https:\/\/premiumbil.nu\/wp-content\/uploads\/2024\/01\/Untitled-design-64-1024x1024.png 1024w, https:\/\/premiumbil.nu\/wp-content\/uploads\/2024\/01\/Untitled-design-64-300x300.png 300w, https:\/\/premiumbil.nu\/wp-content\/uploads\/2024\/01\/Untitled-design-64-150x150.png 150w, https:\/\/premiumbil.nu\/wp-content\/uploads\/2024\/01\/Untitled-design-64-768x768.png 768w, https:\/\/premiumbil.nu\/wp-content\/uploads\/2024\/01\/Untitled-design-64.png 1080w\" sizes=\"(max-width: 640px) 100vw, 640px\" \/>\t\t\t\t\t\t\t\t\t\t\t\t\t\t\t<\/div>\n\t\t\t\t<\/div>\n\t\t\t\t<\/div>\n\t\t\t\t\t<\/div>\n\t\t\t\t<\/div>\n\t\t<div class=\"elementor-element elementor-element-453fb23a e-con-full e-flex e-con e-parent\" data-id=\"453fb23a\" data-element_type=\"container\" data-e-type=\"container\" data-settings=\"{&quot;background_background&quot;:&quot;classic&quot;}\">\n\t\t<div class=\"elementor-element elementor-element-3f016210 e-con-full e-flex e-con e-child\" data-id=\"3f016210\" data-element_type=\"container\" data-e-type=\"container\">\n\t\t<div class=\"elementor-element elementor-element-313a16cb e-con-full e-flex e-con e-child\" data-id=\"313a16cb\" data-element_type=\"container\" data-e-type=\"container\">\n\t\t\t\t<div class=\"elementor-element elementor-element-45a2871e elementor-widget-divider--view-line elementor-widget elementor-widget-divider\" data-id=\"45a2871e\" data-element_type=\"widget\" data-e-type=\"widget\" data-widget_type=\"divider.default\">\n\t\t\t\t<div class=\"elementor-widget-container\">\n\t\t\t\t\t\t\t<div class=\"elementor-divider\">\n\t\t\t<span class=\"elementor-divider-separator\">\n\t\t\t\t\t\t<\/span>\n\t\t<\/div>\n\t\t\t\t\t\t<\/div>\n\t\t\t\t<\/div>\n\t\t\t\t<div class=\"elementor-element elementor-element-1abb547b elementor-widget elementor-widget-counter\" data-id=\"1abb547b\" data-element_type=\"widget\" data-e-type=\"widget\" data-widget_type=\"counter.default\">\n\t\t\t\t<div class=\"elementor-widget-container\">\n\t\t\t\t\t\t\t<div class=\"elementor-counter\">\n\t\t\t<div class=\"elementor-counter-title\">YEARS IN THE INDUSTRY<\/div>\t\t\t<div class=\"elementor-counter-number-wrapper\">\n\t\t\t\t<span class=\"elementor-counter-number-prefix\"><\/span>\n\t\t\t\t<span class=\"elementor-counter-number\" data-duration=\"2000\" data-to-value=\"14\" data-from-value=\"0\" data-delimiter=\",\">0<\/span>\n\t\t\t\t<span class=\"elementor-counter-number-suffix\"><\/span>\n\t\t\t<\/div>\n\t\t<\/div>\n\t\t\t\t\t\t<\/div>\n\t\t\t\t<\/div>\n\t\t\t\t<\/div>\n\t\t\t\t<\/div>\n\t\t\t\t<\/div>\n\t\t\t\t<\/div>","protected":false},"excerpt":{"rendered":"<p>PREMIUMBILAR K\u00f6p S\u00e4lj din bil BILAR I LAGER Destination f\u00f6r exceptionella bilar Premium Bil &#8211; Din destination f\u00f6r exceptionella bilar med en passion f\u00f6r premiumbilar och 14 \u00e5rs erfarenhet inom fordonsbranschen \u00e4r Premium Bil din destination. Vi specialiserar oss p\u00e5 att hitta unika, h\u00f6gpresterande fordon som tilltalar entusiaster och individer som s\u00f6ker det lilla extra&#8230;.<\/p>","protected":false},"author":10,"featured_media":0,"parent":0,"menu_order":0,"comment_status":"closed","ping_status":"closed","template":"","meta":{"om_disable_all_campaigns":false,"_monsterinsights_skip_tracking":false,"_monsterinsights_sitenote_active":false,"_monsterinsights_sitenote_note":"","_monsterinsights_sitenote_category":0,"_uf_show_specific_survey":0,"_uf_disable_surveys":false,"footnotes":""},"class_list":["post-4949","page","type-page","status-publish","hentry"],"aioseo_notices":[],"_links":{"self":[{"href":"https:\/\/premiumbil.nu\/en\/wp-json\/wp\/v2\/pages\/4949","targetHints":{"allow":["GET"]}}],"collection":[{"href":"https:\/\/premiumbil.nu\/en\/wp-json\/wp\/v2\/pages"}],"about":[{"href":"https:\/\/premiumbil.nu\/en\/wp-json\/wp\/v2\/types\/page"}],"author":[{"embeddable":true,"href":"https:\/\/premiumbil.nu\/en\/wp-json\/wp\/v2\/users\/10"}],"replies":[{"embeddable":true,"href":"https:\/\/premiumbil.nu\/en\/wp-json\/wp\/v2\/comments?post=4949"}],"version-history":[{"count":43,"href":"https:\/\/premiumbil.nu\/en\/wp-json\/wp\/v2\/pages\/4949\/revisions"}],"predecessor-version":[{"id":5731,"href":"https:\/\/premiumbil.nu\/en\/wp-json\/wp\/v2\/pages\/4949\/revisions\/5731"}],"wp:attachment":[{"href":"https:\/\/premiumbil.nu\/en\/wp-json\/wp\/v2\/media?parent=4949"}],"curies":[{"name":"wp","href":"https:\/\/api.w.org\/{rel}","templated":true}]}}