{"id":5964,"date":"2024-07-17T13:17:51","date_gmt":"2024-07-17T11:17:51","guid":{"rendered":"https:\/\/premiumbil.nu\/?page_id=5964"},"modified":"2024-07-18T10:54:03","modified_gmt":"2024-07-18T08:54:03","slug":"saljdinporsche","status":"publish","type":"page","link":"https:\/\/premiumbil.nu\/en\/saljdinporsche\/","title":{"rendered":"saljdinporsche"},"content":{"rendered":"<div data-elementor-type=\"wp-page\" data-elementor-id=\"5964\" class=\"elementor elementor-5964\" data-elementor-post-type=\"page\">\n\t\t\t\t<div class=\"elementor-element elementor-element-6c240a2e e-flex e-con-boxed e-con e-parent\" data-id=\"6c240a2e\" data-element_type=\"container\" data-e-type=\"container\" data-settings=\"{&quot;background_background&quot;:&quot;classic&quot;}\">\n\t\t\t\t\t<div class=\"e-con-inner\">\n\t\t\t\t<div class=\"elementor-element elementor-element-4d447db8 elementor-widget elementor-widget-heading\" data-id=\"4d447db8\" data-element_type=\"widget\" data-e-type=\"widget\" data-widget_type=\"heading.default\">\n\t\t\t\t<div class=\"elementor-widget-container\">\n\t\t\t\t\t<h6 class=\"elementor-heading-title elementor-size-default\">Premium Bil<\/h6>\t\t\t\t<\/div>\n\t\t\t\t<\/div>\n\t\t\t\t<div class=\"elementor-element elementor-element-7992d6f1 elementor-widget elementor-widget-heading\" data-id=\"7992d6f1\" data-element_type=\"widget\" data-e-type=\"widget\" data-widget_type=\"heading.default\">\n\t\t\t\t<div class=\"elementor-widget-container\">\n\t\t\t\t\t<h1 class=\"elementor-heading-title elementor-size-default\">S\u00e4lj din Porsche<\/h1>\t\t\t\t<\/div>\n\t\t\t\t<\/div>\n\t\t\t\t<div class=\"elementor-element elementor-element-63832461 elementor-widget elementor-widget-heading\" data-id=\"63832461\" data-element_type=\"widget\" data-e-type=\"widget\" data-widget_type=\"heading.default\">\n\t\t\t\t<div class=\"elementor-widget-container\">\n\t\t\t\t\t<h5 class=\"elementor-heading-title elementor-size-default\">S\u00e4ljtankar eller bara nyfiken p\u00e5 v\u00e4rdet av din Porsche? <\/h5>\t\t\t\t<\/div>\n\t\t\t\t<\/div>\n\t\t\t\t<div class=\"elementor-element elementor-element-2dd5643a elementor-align-center elementor-widget elementor-widget-button\" data-id=\"2dd5643a\" data-element_type=\"widget\" data-e-type=\"widget\" data-widget_type=\"button.default\">\n\t\t\t\t<div class=\"elementor-widget-container\">\n\t\t\t\t\t\t\t\t\t<div class=\"elementor-button-wrapper\">\n\t\t\t\t\t<a class=\"elementor-button elementor-button-link elementor-size-sm\" href=\"https:\/\/premiumbil.nu\/en\/saljdinbil\/\">\n\t\t\t\t\t\t<span class=\"elementor-button-content-wrapper\">\n\t\t\t\t\t\t\t\t\t<span class=\"elementor-button-text\">CONTACT<\/span>\n\t\t\t\t\t<\/span>\n\t\t\t\t\t<\/a>\n\t\t\t\t<\/div>\n\t\t\t\t\t\t\t\t<\/div>\n\t\t\t\t<\/div>\n\t\t\t\t\t<\/div>\n\t\t\t\t<\/div>\n\t\t<div class=\"elementor-element elementor-element-1447987a e-con-full e-flex e-con e-parent\" data-id=\"1447987a\" data-element_type=\"container\" data-e-type=\"container\" data-settings=\"{&quot;background_background&quot;:&quot;classic&quot;}\">\n\t\t<div class=\"elementor-element elementor-element-6800c9aa e-con-full e-flex e-con e-child\" data-id=\"6800c9aa\" data-element_type=\"container\" data-e-type=\"container\">\n\t\t\t\t<div class=\"elementor-element elementor-element-257f8cbb elementor-widget__width-inherit elementor-widget-divider--view-line elementor-invisible elementor-widget elementor-widget-divider\" data-id=\"257f8cbb\" data-element_type=\"widget\" data-e-type=\"widget\" data-settings=\"{&quot;_animation&quot;:&quot;fadeInLeft&quot;}\" data-widget_type=\"divider.default\">\n\t\t\t\t<div class=\"elementor-widget-container\">\n\t\t\t\t\t\t\t<div class=\"elementor-divider\">\n\t\t\t<span class=\"elementor-divider-separator\">\n\t\t\t\t\t\t<\/span>\n\t\t<\/div>\n\t\t\t\t\t\t<\/div>\n\t\t\t\t<\/div>\n\t\t\t\t<div class=\"elementor-element elementor-element-65b212ac elementor-widget__width-initial elementor-widget-tablet__width-inherit elementor-widget elementor-widget-heading\" data-id=\"65b212ac\" data-element_type=\"widget\" data-e-type=\"widget\" data-widget_type=\"heading.default\">\n\t\t\t\t<div class=\"elementor-widget-container\">\n\t\t\t\t\t<h2 class=\"elementor-heading-title elementor-size-default\">V\u00e5r vita handskservice, som erbjuder en personlig upplevelse varje steg p\u00e5 v\u00e4gen.\n<\/h2>\t\t\t\t<\/div>\n\t\t\t\t<\/div>\n\t\t\t\t<div class=\"elementor-element elementor-element-73cc9c0e elementor-widget__width-initial elementor-widget-tablet__width-inherit elementor-widget elementor-widget-text-editor\" data-id=\"73cc9c0e\" data-element_type=\"widget\" data-e-type=\"widget\" data-widget_type=\"text-editor.default\">\n\t\t\t\t<div class=\"elementor-widget-container\">\n\t\t\t\t\t\t\t\t\t<p><span style=\"font-weight: 400;\">Funderar du p\u00e5 att s\u00e4lja din Porsche eller \u00e4r du bara nyfiken p\u00e5 vad din bil \u00e4r v\u00e4rd? Kontakta oss p\u00e5 Premium Bil i Uppsala f\u00f6r en kostnadsfri v\u00e4rdering! Vi erbjuder en snabb och enkel v\u00e4rderingsprocess s\u00e5 att du kan f\u00e5 en r\u00e4ttvis bed\u00f6mning av din Porsche. V\u00e5rt erfarna team st\u00e5r redo att hj\u00e4lpa dig med professionell expertis och personlig service. Boka din gratis v\u00e4rdering idag och ta reda p\u00e5 vad din Porsche \u00e4r v\u00e4rd. Hos oss p\u00e5 Premium Bil i Uppsala f\u00e5r du alltid den b\u00e4sta servicen och de b\u00e4sta r\u00e5den f\u00f6r din bilaff\u00e4r.<\/span><\/p>\t\t\t\t\t\t\t\t<\/div>\n\t\t\t\t<\/div>\n\t\t\t\t<\/div>\n\t\t\t\t<div class=\"elementor-element elementor-element-3eca8b38 elementor-widget__width-inherit elementor-invisible elementor-widget elementor-widget-image\" data-id=\"3eca8b38\" data-element_type=\"widget\" data-e-type=\"widget\" data-settings=\"{&quot;_animation&quot;:&quot;fadeInUp&quot;}\" data-widget_type=\"image.default\">\n\t\t\t\t<div class=\"elementor-widget-container\">\n\t\t\t\t\t\t\t\t\t\t\t\t\t\t\t<img decoding=\"async\" src=\"https:\/\/premiumbil.nu\/wp-content\/uploads\/elementor\/thumbs\/Untitled-design-29-qplkoezx6oofuacuwwfq6zg05tctf1ezimc6ccl6c8.jpg\" title=\"Untitled design (29)\" alt=\"Untitled design (29)\" loading=\"lazy\" \/>\t\t\t\t\t\t\t\t\t\t\t\t\t\t\t<\/div>\n\t\t\t\t<\/div>\n\t\t\t\t<\/div>\n\t\t\t\t<\/div>","protected":false},"excerpt":{"rendered":"<p>Premium Bil S\u00e4lj din Porsche S\u00e4ljtankar eller bara nyfiken p\u00e5 v\u00e4rdet av din Porsche? KONTAKT V\u00e5r vita handskservice, som erbjuder en personlig upplevelse varje steg p\u00e5 v\u00e4gen. Funderar du p\u00e5 att s\u00e4lja din Porsche eller \u00e4r du bara nyfiken p\u00e5 vad din bil \u00e4r v\u00e4rd? Kontakta oss p\u00e5 Premium Bil i Uppsala f\u00f6r en kostnadsfri&#8230;<\/p>","protected":false},"author":10,"featured_media":0,"parent":0,"menu_order":0,"comment_status":"closed","ping_status":"closed","template":"","meta":{"om_disable_all_campaigns":false,"_monsterinsights_skip_tracking":false,"_monsterinsights_sitenote_active":false,"_monsterinsights_sitenote_note":"","_monsterinsights_sitenote_category":0,"_uf_show_specific_survey":0,"_uf_disable_surveys":false,"footnotes":""},"class_list":["post-5964","page","type-page","status-publish","hentry"],"aioseo_notices":[],"_links":{"self":[{"href":"https:\/\/premiumbil.nu\/en\/wp-json\/wp\/v2\/pages\/5964","targetHints":{"allow":["GET"]}}],"collection":[{"href":"https:\/\/premiumbil.nu\/en\/wp-json\/wp\/v2\/pages"}],"about":[{"href":"https:\/\/premiumbil.nu\/en\/wp-json\/wp\/v2\/types\/page"}],"author":[{"embeddable":true,"href":"https:\/\/premiumbil.nu\/en\/wp-json\/wp\/v2\/users\/10"}],"replies":[{"embeddable":true,"href":"https:\/\/premiumbil.nu\/en\/wp-json\/wp\/v2\/comments?post=5964"}],"version-history":[{"count":14,"href":"https:\/\/premiumbil.nu\/en\/wp-json\/wp\/v2\/pages\/5964\/revisions"}],"predecessor-version":[{"id":5984,"href":"https:\/\/premiumbil.nu\/en\/wp-json\/wp\/v2\/pages\/5964\/revisions\/5984"}],"wp:attachment":[{"href":"https:\/\/premiumbil.nu\/en\/wp-json\/wp\/v2\/media?parent=5964"}],"curies":[{"name":"wp","href":"https:\/\/api.w.org\/{rel}","templated":true}]}}