{"id":6272,"date":"2025-02-05T11:22:13","date_gmt":"2025-02-05T10:22:13","guid":{"rendered":"https:\/\/premiumbil.nu\/?page_id=6272"},"modified":"2025-03-08T09:34:31","modified_gmt":"2025-03-08T08:34:31","slug":"jobba-hos-oss","status":"publish","type":"page","link":"https:\/\/premiumbil.nu\/en\/jobba-hos-oss\/","title":{"rendered":"Jobba p\u00e5 Premiumbil"},"content":{"rendered":"<div data-elementor-type=\"wp-page\" data-elementor-id=\"6272\" class=\"elementor elementor-6272\" data-elementor-post-type=\"page\">\n\t\t\t\t<div class=\"elementor-element elementor-element-39f69172 e-flex e-con-boxed e-con e-parent\" data-id=\"39f69172\" data-element_type=\"container\" data-e-type=\"container\" data-settings=\"{&quot;background_background&quot;:&quot;classic&quot;}\">\n\t\t\t\t\t<div class=\"e-con-inner\">\n\t\t\t\t<div class=\"elementor-element elementor-element-16a835da elementor-widget elementor-widget-heading\" data-id=\"16a835da\" data-element_type=\"widget\" data-e-type=\"widget\" data-widget_type=\"heading.default\">\n\t\t\t\t<div class=\"elementor-widget-container\">\n\t\t\t\t\t<h1 class=\"elementor-heading-title elementor-size-default\">Jobba hos oss\n<\/h1>\t\t\t\t<\/div>\n\t\t\t\t<\/div>\n\t\t\t\t<div class=\"elementor-element elementor-element-6240aec e-transform elementor-widget elementor-widget-heading\" data-id=\"6240aec\" data-element_type=\"widget\" data-e-type=\"widget\" data-settings=\"{&quot;_transform_translateY_effect&quot;:{&quot;unit&quot;:&quot;px&quot;,&quot;size&quot;:-98,&quot;sizes&quot;:[]},&quot;_transform_translateY_effect_mobile&quot;:{&quot;unit&quot;:&quot;px&quot;,&quot;size&quot;:-37,&quot;sizes&quot;:[]},&quot;_transform_translateX_effect&quot;:{&quot;unit&quot;:&quot;px&quot;,&quot;size&quot;:&quot;&quot;,&quot;sizes&quot;:[]},&quot;_transform_translateX_effect_widescreen&quot;:{&quot;unit&quot;:&quot;px&quot;,&quot;size&quot;:&quot;&quot;,&quot;sizes&quot;:[]},&quot;_transform_translateX_effect_laptop&quot;:{&quot;unit&quot;:&quot;px&quot;,&quot;size&quot;:&quot;&quot;,&quot;sizes&quot;:[]},&quot;_transform_translateX_effect_tablet&quot;:{&quot;unit&quot;:&quot;px&quot;,&quot;size&quot;:&quot;&quot;,&quot;sizes&quot;:[]},&quot;_transform_translateX_effect_mobile&quot;:{&quot;unit&quot;:&quot;px&quot;,&quot;size&quot;:&quot;&quot;,&quot;sizes&quot;:[]},&quot;_transform_translateY_effect_widescreen&quot;:{&quot;unit&quot;:&quot;px&quot;,&quot;size&quot;:&quot;&quot;,&quot;sizes&quot;:[]},&quot;_transform_translateY_effect_laptop&quot;:{&quot;unit&quot;:&quot;px&quot;,&quot;size&quot;:&quot;&quot;,&quot;sizes&quot;:[]},&quot;_transform_translateY_effect_tablet&quot;:{&quot;unit&quot;:&quot;px&quot;,&quot;size&quot;:&quot;&quot;,&quot;sizes&quot;:[]}}\" data-widget_type=\"heading.default\">\n\t\t\t\t<div class=\"elementor-widget-container\">\n\t\t\t\t\t<h2 class=\"elementor-heading-title elementor-size-default\">Premium Bil som arbetsplats \u2013 \u00c4r du redo att ta din karri\u00e4r till n\u00e4sta niv\u00e5?\n<\/h2>\t\t\t\t<\/div>\n\t\t\t\t<\/div>\n\t\t\t\t\t<\/div>\n\t\t\t\t<\/div>\n\t\t<div class=\"elementor-element elementor-element-6d0802d2 e-flex e-con-boxed e-con e-parent\" data-id=\"6d0802d2\" data-element_type=\"container\" data-e-type=\"container\" data-settings=\"{&quot;background_background&quot;:&quot;classic&quot;}\">\n\t\t\t\t\t<div class=\"e-con-inner\">\n\t\t<div class=\"elementor-element elementor-element-4b455446 e-con-full e-flex e-con e-child\" data-id=\"4b455446\" data-element_type=\"container\" data-e-type=\"container\">\n\t\t\t\t<div class=\"elementor-element elementor-element-5ae8875e elementor-invisible elementor-widget elementor-widget-heading\" data-id=\"5ae8875e\" data-element_type=\"widget\" data-e-type=\"widget\" data-settings=\"{&quot;_animation&quot;:&quot;fadeIn&quot;}\" data-widget_type=\"heading.default\">\n\t\t\t\t<div class=\"elementor-widget-container\">\n\t\t\t\t\t<h2 class=\"elementor-heading-title elementor-size-default\">Varf\u00f6r jobba hos oss?\n<\/h2>\t\t\t\t<\/div>\n\t\t\t\t<\/div>\n\t\t\t\t<div class=\"elementor-element elementor-element-7814685b elementor-widget elementor-widget-text-editor\" data-id=\"7814685b\" data-element_type=\"widget\" data-e-type=\"widget\" data-widget_type=\"text-editor.default\">\n\t\t\t\t<div class=\"elementor-widget-container\">\n\t\t\t\t\t\t\t\t\t<ul>\n<li><strong>Jobba med det b\u00e4sta av det b\u00e4sta<\/strong>: Vi handlar och servar exklusiva bilar \u2013 framf\u00f6r allt Porsche \u2013 s\u00e5 om du har en passion f\u00f6r lyx, prestanda och design \u00e4r det h\u00e4r platsen f\u00f6r dig.<\/li><li><br><\/li>\n<li><strong>Utvecklas i en unik milj\u00f6<\/strong>: Hos oss f\u00e5r du m\u00f6jlighet att utvecklas i en exklusiv bransch, d\u00e4r b\u00e5de utbildning och erfarenhet tas p\u00e5 st\u00f6rsta allvar.<\/li><li><br><\/li>\n<li><strong>H\u00e4ng med ett grymt team<\/strong>: Vi \u00e4r ett tight team av bil\u00e4lskare som brinner f\u00f6r det vi g\u00f6r, och vi s\u00f6ker dig som delar v\u00e5r passion f\u00f6r bilar och service.<\/li>\n<\/ul>\t\t\t\t\t\t\t\t<\/div>\n\t\t\t\t<\/div>\n\t\t\t\t<\/div>\n\t\t<div class=\"elementor-element elementor-element-bdbd48 e-con-full e-flex e-con e-child\" data-id=\"bdbd48\" data-element_type=\"container\" data-e-type=\"container\">\n\t\t\t\t<div class=\"elementor-element elementor-element-77a376c1 elementor-widget elementor-widget-image\" data-id=\"77a376c1\" data-element_type=\"widget\" data-e-type=\"widget\" data-widget_type=\"image.default\">\n\t\t\t\t<div class=\"elementor-widget-container\">\n\t\t\t\t\t\t\t\t\t\t\t\t\t\t\t<img fetchpriority=\"high\" decoding=\"async\" width=\"1710\" height=\"2560\" src=\"https:\/\/premiumbil.nu\/wp-content\/uploads\/2024\/08\/DSC07160-scaled.jpg\" class=\"attachment-full size-full wp-image-6118\" alt=\"\" srcset=\"https:\/\/premiumbil.nu\/wp-content\/uploads\/2024\/08\/DSC07160-scaled.jpg 1710w, https:\/\/premiumbil.nu\/wp-content\/uploads\/2024\/08\/DSC07160-200x300.jpg 200w, https:\/\/premiumbil.nu\/wp-content\/uploads\/2024\/08\/DSC07160-684x1024.jpg 684w, https:\/\/premiumbil.nu\/wp-content\/uploads\/2024\/08\/DSC07160-768x1150.jpg 768w, https:\/\/premiumbil.nu\/wp-content\/uploads\/2024\/08\/DSC07160-1026x1536.jpg 1026w, https:\/\/premiumbil.nu\/wp-content\/uploads\/2024\/08\/DSC07160-1368x2048.jpg 1368w, https:\/\/premiumbil.nu\/wp-content\/uploads\/2024\/08\/DSC07160-8x12.jpg 8w\" sizes=\"(max-width: 1710px) 100vw, 1710px\" \/>\t\t\t\t\t\t\t\t\t\t\t\t\t\t\t<\/div>\n\t\t\t\t<\/div>\n\t\t\t\t<\/div>\n\t\t\t\t\t<\/div>\n\t\t\t\t<\/div>\n\t\t<div class=\"elementor-element elementor-element-34ae7fd e-flex e-con-boxed e-con e-parent\" data-id=\"34ae7fd\" data-element_type=\"container\" data-e-type=\"container\">\n\t\t\t\t\t<div class=\"e-con-inner\">\n\t\t\t\t<div class=\"elementor-element elementor-element-de89860 elementor-widget elementor-widget-spacer\" data-id=\"de89860\" data-element_type=\"widget\" data-e-type=\"widget\" data-widget_type=\"spacer.default\">\n\t\t\t\t<div class=\"elementor-widget-container\">\n\t\t\t\t\t\t\t<div class=\"elementor-spacer\">\n\t\t\t<div class=\"elementor-spacer-inner\"><\/div>\n\t\t<\/div>\n\t\t\t\t\t\t<\/div>\n\t\t\t\t<\/div>\n\t\t\t\t<div class=\"elementor-element elementor-element-177b956 elementor-widget elementor-widget-heading\" data-id=\"177b956\" data-element_type=\"widget\" data-e-type=\"widget\" data-widget_type=\"heading.default\">\n\t\t\t\t<div class=\"elementor-widget-container\">\n\t\t\t\t\t<h2 class=\"elementor-heading-title elementor-size-default\">Lediga tj\u00e4nster: <\/h2>\t\t\t\t<\/div>\n\t\t\t\t<\/div>\n\t\t\t\t<div class=\"elementor-element elementor-element-cd82610 elementor-widget elementor-widget-spacer\" data-id=\"cd82610\" data-element_type=\"widget\" data-e-type=\"widget\" data-widget_type=\"spacer.default\">\n\t\t\t\t<div class=\"elementor-widget-container\">\n\t\t\t\t\t\t\t<div class=\"elementor-spacer\">\n\t\t\t<div class=\"elementor-spacer-inner\"><\/div>\n\t\t<\/div>\n\t\t\t\t\t\t<\/div>\n\t\t\t\t<\/div>\n\t\t\t\t\t<\/div>\n\t\t\t\t<\/div>\n\t\t<div class=\"elementor-element elementor-element-5555bb1 e-flex e-con-boxed e-con e-parent\" data-id=\"5555bb1\" data-element_type=\"container\" data-e-type=\"container\" data-settings=\"{&quot;background_background&quot;:&quot;classic&quot;}\">\n\t\t\t\t\t<div class=\"e-con-inner\">\n\t\t\t\t<div class=\"elementor-element elementor-element-bda692c elementor-widget elementor-widget-heading\" data-id=\"bda692c\" data-element_type=\"widget\" data-e-type=\"widget\" data-widget_type=\"heading.default\">\n\t\t\t\t<div class=\"elementor-widget-container\">\n\t\t\t\t\t<h1 class=\"elementor-heading-title elementor-size-default\">Ink\u00f6pare till v\u00e5rt team i Uppsala.<\/h1>\t\t\t\t<\/div>\n\t\t\t\t<\/div>\n\t\t\t\t<div class=\"elementor-element elementor-element-a233709 elementor-widget elementor-widget-heading\" data-id=\"a233709\" data-element_type=\"widget\" data-e-type=\"widget\" data-widget_type=\"heading.default\">\n\t\t\t\t<div class=\"elementor-widget-container\">\n\t\t\t\t\t<h5 class=\"elementor-heading-title elementor-size-default\">\u00c4r du en aff\u00e4rsdriven person med passion f\u00f6r bilar? Vill du vara med och p\u00e5verka bilbranschen p\u00e5 riktigt? D\u00e5 \u00e4r detta jobbet f\u00f6r dig!<\/h5>\t\t\t\t<\/div>\n\t\t\t\t<\/div>\n\t\t\t\t<div class=\"elementor-element elementor-element-b6bbdd5 elementor-align-center elementor-widget elementor-widget-button\" data-id=\"b6bbdd5\" data-element_type=\"widget\" data-e-type=\"widget\" data-widget_type=\"button.default\">\n\t\t\t\t<div class=\"elementor-widget-container\">\n\t\t\t\t\t\t\t\t\t<div class=\"elementor-button-wrapper\">\n\t\t\t\t\t<a class=\"elementor-button elementor-button-link elementor-size-sm\" href=\"https:\/\/premiumbil.nu\/en\/inkopare\/\">\n\t\t\t\t\t\t<span class=\"elementor-button-content-wrapper\">\n\t\t\t\t\t\t\t\t\t<span class=\"elementor-button-text\">L\u00e4s mer<\/span>\n\t\t\t\t\t<\/span>\n\t\t\t\t\t<\/a>\n\t\t\t\t<\/div>\n\t\t\t\t\t\t\t\t<\/div>\n\t\t\t\t<\/div>\n\t\t\t\t\t<\/div>\n\t\t\t\t<\/div>\n\t\t<div class=\"elementor-element elementor-element-27b0e43f e-flex e-con-boxed e-con e-parent\" data-id=\"27b0e43f\" data-element_type=\"container\" data-e-type=\"container\" data-settings=\"{&quot;background_background&quot;:&quot;classic&quot;}\">\n\t\t\t\t\t<div class=\"e-con-inner\">\n\t\t\t\t<div class=\"elementor-element elementor-element-d9323e8 elementor-widget elementor-widget-heading\" data-id=\"d9323e8\" data-element_type=\"widget\" data-e-type=\"widget\" data-widget_type=\"heading.default\">\n\t\t\t\t<div class=\"elementor-widget-container\">\n\t\t\t\t\t<h1 class=\"elementor-heading-title elementor-size-default\">S\u00e4ljare till v\u00e5rt team i Uppsala.<\/h1>\t\t\t\t<\/div>\n\t\t\t\t<\/div>\n\t\t\t\t<div class=\"elementor-element elementor-element-1dcd9eb2 elementor-widget elementor-widget-heading\" data-id=\"1dcd9eb2\" data-element_type=\"widget\" data-e-type=\"widget\" data-widget_type=\"heading.default\">\n\t\t\t\t<div class=\"elementor-widget-container\">\n\t\t\t\t\t<h5 class=\"elementor-heading-title elementor-size-default\">Du kommer att arbeta med f\u00f6rs\u00e4ljning av exklusiva premium- och sportbilar d\u00e4r kvalitet och\nprestanda alltid st\u00e5r i fokus. <\/h5>\t\t\t\t<\/div>\n\t\t\t\t<\/div>\n\t\t\t\t<div class=\"elementor-element elementor-element-69467dee elementor-align-center elementor-widget elementor-widget-button\" data-id=\"69467dee\" data-element_type=\"widget\" data-e-type=\"widget\" data-widget_type=\"button.default\">\n\t\t\t\t<div class=\"elementor-widget-container\">\n\t\t\t\t\t\t\t\t\t<div class=\"elementor-button-wrapper\">\n\t\t\t\t\t<a class=\"elementor-button elementor-button-link elementor-size-sm\" href=\"https:\/\/premiumbil.nu\/en\/saljare\/\">\n\t\t\t\t\t\t<span class=\"elementor-button-content-wrapper\">\n\t\t\t\t\t\t\t\t\t<span class=\"elementor-button-text\">L\u00e4s mer<\/span>\n\t\t\t\t\t<\/span>\n\t\t\t\t\t<\/a>\n\t\t\t\t<\/div>\n\t\t\t\t\t\t\t\t<\/div>\n\t\t\t\t<\/div>\n\t\t\t\t\t<\/div>\n\t\t\t\t<\/div>\n\t\t\t\t<\/div>","protected":false},"excerpt":{"rendered":"<p>Jobba hos oss Premium Bil som arbetsplats \u2013 \u00c4r du redo att ta din karri\u00e4r till n\u00e4sta niv\u00e5? Varf\u00f6r jobba hos oss? Jobba med det b\u00e4sta av det b\u00e4sta: Vi handlar och servar exklusiva bilar \u2013 framf\u00f6r allt Porsche \u2013 s\u00e5 om du har en passion f\u00f6r lyx, prestanda och design \u00e4r det h\u00e4r platsen&#8230;<\/p>","protected":false},"author":10,"featured_media":0,"parent":0,"menu_order":0,"comment_status":"closed","ping_status":"closed","template":"","meta":{"om_disable_all_campaigns":false,"_monsterinsights_skip_tracking":false,"_monsterinsights_sitenote_active":false,"_monsterinsights_sitenote_note":"","_monsterinsights_sitenote_category":0,"_uf_show_specific_survey":0,"_uf_disable_surveys":false,"footnotes":""},"class_list":["post-6272","page","type-page","status-publish","hentry"],"aioseo_notices":[],"_links":{"self":[{"href":"https:\/\/premiumbil.nu\/en\/wp-json\/wp\/v2\/pages\/6272","targetHints":{"allow":["GET"]}}],"collection":[{"href":"https:\/\/premiumbil.nu\/en\/wp-json\/wp\/v2\/pages"}],"about":[{"href":"https:\/\/premiumbil.nu\/en\/wp-json\/wp\/v2\/types\/page"}],"author":[{"embeddable":true,"href":"https:\/\/premiumbil.nu\/en\/wp-json\/wp\/v2\/users\/10"}],"replies":[{"embeddable":true,"href":"https:\/\/premiumbil.nu\/en\/wp-json\/wp\/v2\/comments?post=6272"}],"version-history":[{"count":20,"href":"https:\/\/premiumbil.nu\/en\/wp-json\/wp\/v2\/pages\/6272\/revisions"}],"predecessor-version":[{"id":6380,"href":"https:\/\/premiumbil.nu\/en\/wp-json\/wp\/v2\/pages\/6272\/revisions\/6380"}],"wp:attachment":[{"href":"https:\/\/premiumbil.nu\/en\/wp-json\/wp\/v2\/media?parent=6272"}],"curies":[{"name":"wp","href":"https:\/\/api.w.org\/{rel}","templated":true}]}}