{"id":6286,"date":"2025-02-05T14:45:36","date_gmt":"2025-02-05T13:45:36","guid":{"rendered":"https:\/\/premiumbil.nu\/?page_id=6286"},"modified":"2025-02-05T15:59:08","modified_gmt":"2025-02-05T14:59:08","slug":"saljare","status":"publish","type":"page","link":"https:\/\/premiumbil.nu\/en\/saljare\/","title":{"rendered":"S\u00e4ljare till Premium Bil"},"content":{"rendered":"\t\t<div data-elementor-type=\"wp-page\" data-elementor-id=\"6286\" class=\"elementor elementor-6286\" data-elementor-post-type=\"page\">\n\t\t\t\t<div class=\"elementor-element elementor-element-4bce9a3 e-flex e-con-boxed e-con e-parent\" data-id=\"4bce9a3\" data-element_type=\"container\" data-e-type=\"container\" data-settings=\"{&quot;background_background&quot;:&quot;classic&quot;}\">\n\t\t\t\t\t<div class=\"e-con-inner\">\n\t\t\t\t<div class=\"elementor-element elementor-element-243161e6 elementor-widget elementor-widget-heading\" data-id=\"243161e6\" data-element_type=\"widget\" data-e-type=\"widget\" data-widget_type=\"heading.default\">\n\t\t\t\t<div class=\"elementor-widget-container\">\n\t\t\t\t\t<h1 class=\"elementor-heading-title elementor-size-default\">S\u00e4ljare till v\u00e5rt team i Uppsala.<\/h1>\t\t\t\t<\/div>\n\t\t\t\t<\/div>\n\t\t\t\t<div class=\"elementor-element elementor-element-24808443 elementor-widget elementor-widget-heading\" data-id=\"24808443\" data-element_type=\"widget\" data-e-type=\"widget\" data-widget_type=\"heading.default\">\n\t\t\t\t<div class=\"elementor-widget-container\">\n\t\t\t\t\t<h5 class=\"elementor-heading-title elementor-size-default\">Du kommer att arbeta med f\u00f6rs\u00e4ljning av exklusiva premium- och sportbilar d\u00e4r kvalitet och\nprestanda alltid st\u00e5r i fokus. \u200b<\/h5>\t\t\t\t<\/div>\n\t\t\t\t<\/div>\n\t\t\t\t\t<\/div>\n\t\t\t\t<\/div>\n\t\t<div class=\"elementor-element elementor-element-7765d33b e-con-full e-flex e-con e-parent\" data-id=\"7765d33b\" data-element_type=\"container\" data-e-type=\"container\" data-settings=\"{&quot;background_background&quot;:&quot;classic&quot;}\">\n\t\t<div class=\"elementor-element elementor-element-51047981 e-con-full e-flex e-con e-child\" data-id=\"51047981\" data-element_type=\"container\" data-e-type=\"container\">\n\t\t\t\t<div class=\"elementor-element elementor-element-210b519 elementor-widget elementor-widget-heading\" data-id=\"210b519\" data-element_type=\"widget\" data-e-type=\"widget\" data-widget_type=\"heading.default\">\n\t\t\t\t<div class=\"elementor-widget-container\">\n\t\t\t\t\t<h2 class=\"elementor-heading-title elementor-size-default\">Vi s\u00f6ker en driven s\u00e4ljare till Premium Bil Uppsala!<\/h2>\t\t\t\t<\/div>\n\t\t\t\t<\/div>\n\t\t\t\t<div class=\"elementor-element elementor-element-7584f23f elementor-widget elementor-widget-text-editor\" data-id=\"7584f23f\" data-element_type=\"widget\" data-e-type=\"widget\" data-widget_type=\"text-editor.default\">\n\t\t\t\t<div class=\"elementor-widget-container\">\n\t\t\t\t\t\t\t\t\t<ul><li>Vi letar efter en engagerad och m\u00e5linriktad s\u00e4ljare till v\u00e5rt team i Uppsala. Som s\u00e4ljare p\u00e5 Premium Bil Uppsala f\u00e5r du en nyckelroll i v\u00e5rt framg\u00e5ngsrika s\u00e4ljteam. Du \u00e4r f\u00f6retagets ansikte ut\u00e5t och ansvarar f\u00f6r att inspirera, v\u00e4gleda och hj\u00e4lpa v\u00e5ra kunder att hitta sin dr\u00f6mbil. Du kommer att arbeta med f\u00f6rs\u00e4ljning av exklusiva premium- och sportbilar d\u00e4r kvalitet och prestanda alltid st\u00e5r i fokus. I rollen som s\u00e4ljare \u00e4r du proaktiv, s\u00f6ker nya v\u00e4gar f\u00f6r att \u00f6ka f\u00f6rs\u00e4ljningen och bidrar aktivt till teamets utveckling och framg\u00e5ng. Du f\u00e5r \u00e4ven m\u00f6jligheten att jobba med ett v\u00e4letablerat varum\u00e4rke som redan har en stark position p\u00e5 marknaden.<\/li><\/ul><div>\u00a0<\/div>\t\t\t\t\t\t\t\t<\/div>\n\t\t\t\t<\/div>\n\t\t\t\t<\/div>\n\t\t\t\t<div class=\"elementor-element elementor-element-601d6d20 elementor-widget__width-initial elementor-widget-tablet__width-inherit elementor-widget elementor-widget-image\" data-id=\"601d6d20\" data-element_type=\"widget\" data-e-type=\"widget\" data-widget_type=\"image.default\">\n\t\t\t\t<div class=\"elementor-widget-container\">\n\t\t\t\t\t\t\t\t\t\t\t\t\t\t\t<img fetchpriority=\"high\" decoding=\"async\" width=\"640\" height=\"958\" src=\"https:\/\/premiumbil.nu\/wp-content\/uploads\/2025\/01\/DSC00112-684x1024.jpg\" class=\"attachment-large size-large wp-image-6263\" alt=\"\" srcset=\"https:\/\/premiumbil.nu\/wp-content\/uploads\/2025\/01\/DSC00112-684x1024.jpg 684w, https:\/\/premiumbil.nu\/wp-content\/uploads\/2025\/01\/DSC00112-200x300.jpg 200w, https:\/\/premiumbil.nu\/wp-content\/uploads\/2025\/01\/DSC00112-768x1150.jpg 768w, https:\/\/premiumbil.nu\/wp-content\/uploads\/2025\/01\/DSC00112-1026x1536.jpg 1026w, https:\/\/premiumbil.nu\/wp-content\/uploads\/2025\/01\/DSC00112-1368x2048.jpg 1368w, https:\/\/premiumbil.nu\/wp-content\/uploads\/2025\/01\/DSC00112-8x12.jpg 8w, https:\/\/premiumbil.nu\/wp-content\/uploads\/2025\/01\/DSC00112-scaled.jpg 1710w\" sizes=\"(max-width: 640px) 100vw, 640px\" \/>\t\t\t\t\t\t\t\t\t\t\t\t\t\t\t<\/div>\n\t\t\t\t<\/div>\n\t\t\t\t<\/div>\n\t\t<div class=\"elementor-element elementor-element-5892ae5a e-con-full e-flex e-con e-parent\" data-id=\"5892ae5a\" data-element_type=\"container\" data-e-type=\"container\" data-settings=\"{&quot;background_background&quot;:&quot;classic&quot;}\">\n\t\t<div class=\"elementor-element elementor-element-754d0c84 e-con-full e-flex e-con e-child\" data-id=\"754d0c84\" data-element_type=\"container\" data-e-type=\"container\" data-settings=\"{&quot;background_background&quot;:&quot;classic&quot;}\">\n\t\t\t\t<div class=\"elementor-element elementor-element-58fb2203 elementor-widget elementor-widget-heading\" data-id=\"58fb2203\" data-element_type=\"widget\" data-e-type=\"widget\" data-widget_type=\"heading.default\">\n\t\t\t\t<div class=\"elementor-widget-container\">\n\t\t\t\t\t<h1 class=\"elementor-heading-title elementor-size-default\">Ans\u00f6k nu<\/h1>\t\t\t\t<\/div>\n\t\t\t\t<\/div>\n\t\t\t\t<div class=\"elementor-element elementor-element-495bdc73 elementor-widget elementor-widget-heading\" data-id=\"495bdc73\" data-element_type=\"widget\" data-e-type=\"widget\" data-widget_type=\"heading.default\">\n\t\t\t\t<div class=\"elementor-widget-container\">\n\t\t\t\t\t<p class=\"elementor-heading-title elementor-size-default\">Skicka din ans\u00f6kan och eventuella fr\u00e5gor till rekrytering@premiumbil.nu eller fyll i formul\u00e4ret.<\/p>\t\t\t\t<\/div>\n\t\t\t\t<\/div>\n\t\t\t\t<\/div>\n\t\t<div class=\"elementor-element elementor-element-44c158c8 e-con-full e-flex e-con e-child\" data-id=\"44c158c8\" data-element_type=\"container\" data-e-type=\"container\">\n\t\t\t\t<div class=\"elementor-element elementor-element-2b5625aa elementor-button-align-start elementor-tablet-button-align-center elementor-widget elementor-widget-form\" data-id=\"2b5625aa\" data-element_type=\"widget\" data-e-type=\"widget\" data-settings=\"{&quot;step_next_label&quot;:&quot;N\\u00e4sa&quot;,&quot;step_previous_label&quot;:&quot;Tillbaka&quot;,&quot;button_width&quot;:&quot;100&quot;,&quot;step_type&quot;:&quot;number_text&quot;,&quot;step_icon_shape&quot;:&quot;circle&quot;}\" data-widget_type=\"form.default\">\n\t\t\t\t<div class=\"elementor-widget-container\">\n\t\t\t\t\t\t\t<form class=\"elementor-form\" method=\"post\" name=\"Contact Form\" aria-label=\"Contact Form\">\n\t\t\t<input type=\"hidden\" name=\"post_id\" value=\"6286\"\/>\n\t\t\t<input type=\"hidden\" name=\"form_id\" value=\"2b5625aa\"\/>\n\t\t\t<input type=\"hidden\" name=\"referer_title\" value=\"S\u00e4ljare till Premium Bil - Premium bil i Uppsala\" \/>\n\n\t\t\t\t\t\t\t<input type=\"hidden\" name=\"queried_id\" value=\"6286\"\/>\n\t\t\t\n\t\t\t<div class=\"elementor-form-fields-wrapper elementor-labels-above\">\n\t\t\t\t\t\t\t\t<div class=\"elementor-field-type-text elementor-field-group elementor-column elementor-field-group-name elementor-col-50 elementor-field-required\">\n\t\t\t\t\t\t\t\t\t\t\t\t<label for=\"form-field-name\" class=\"elementor-field-label\">\n\t\t\t\t\t\t\t\tNamn\t\t\t\t\t\t\t<\/label>\n\t\t\t\t\t\t\t\t\t\t\t\t\t\t<input size=\"1\" type=\"text\" name=\"form_fields[name]\" id=\"form-field-name\" class=\"elementor-field elementor-size-sm  elementor-field-textual\" placeholder=\"F\u00f6rnamn\" required=\"required\">\n\t\t\t\t\t\t\t\t\t\t\t<\/div>\n\t\t\t\t\t\t\t\t<div class=\"elementor-field-type-text elementor-field-group elementor-column elementor-field-group-field_b743cd7 elementor-col-50 elementor-field-required\">\n\t\t\t\t\t\t\t\t\t\t\t\t<label for=\"form-field-field_b743cd7\" class=\"elementor-field-label\">\n\t\t\t\t\t\t\t\tLast Name\t\t\t\t\t\t\t<\/label>\n\t\t\t\t\t\t\t\t\t\t\t\t\t\t<input size=\"1\" type=\"text\" name=\"form_fields[field_b743cd7]\" id=\"form-field-field_b743cd7\" class=\"elementor-field elementor-size-sm  elementor-field-textual\" placeholder=\"Efternamn\" required=\"required\">\n\t\t\t\t\t\t\t\t\t\t\t<\/div>\n\t\t\t\t\t\t\t\t<div class=\"elementor-field-type-tel elementor-field-group elementor-column elementor-field-group-field_6c180a9 elementor-col-50 elementor-field-required\">\n\t\t\t\t\t\t\t\t\t\t\t\t<label for=\"form-field-field_6c180a9\" class=\"elementor-field-label\">\n\t\t\t\t\t\t\t\tPhone Number\t\t\t\t\t\t\t<\/label>\n\t\t\t\t\t\t\t\t<input size=\"1\" type=\"tel\" name=\"form_fields[field_6c180a9]\" id=\"form-field-field_6c180a9\" class=\"elementor-field elementor-size-sm  elementor-field-textual\" placeholder=\"Telefon\" required=\"required\" pattern=\"[0-9()#&amp;+*-=.]+\" title=\"Only numbers and phone characters (#, -, *, etc) are accepted.\">\n\n\t\t\t\t\t\t<\/div>\n\t\t\t\t\t\t\t\t<div class=\"elementor-field-type-email elementor-field-group elementor-column elementor-field-group-email elementor-col-50 elementor-field-required\">\n\t\t\t\t\t\t\t\t\t\t\t\t<label for=\"form-field-email\" class=\"elementor-field-label\">\n\t\t\t\t\t\t\t\tEmail\t\t\t\t\t\t\t<\/label>\n\t\t\t\t\t\t\t\t\t\t\t\t\t\t<input size=\"1\" type=\"email\" name=\"form_fields[email]\" id=\"form-field-email\" class=\"elementor-field elementor-size-sm  elementor-field-textual\" placeholder=\"Mejl\" required=\"required\">\n\t\t\t\t\t\t\t\t\t\t\t<\/div>\n\t\t\t\t\t\t\t\t<div class=\"elementor-field-type-upload elementor-field-group elementor-column elementor-field-group-message elementor-col-100\">\n\t\t\t\t\t\t\t\t\t\t\t\t<label for=\"form-field-message\" class=\"elementor-field-label\">\n\t\t\t\t\t\t\t\tBifoga CV\t\t\t\t\t\t\t<\/label>\n\t\t\t\t\t\t\t\t<input type=\"file\" name=\"form_fields[message][]\" id=\"form-field-message\" class=\"elementor-field elementor-size-sm  elementor-upload-field\" multiple=\"multiple\" data-maxsize=\"100\" data-maxsize-message=\"This file exceeds the maximum allowed size.\">\n\n\t\t\t\t\t\t<\/div>\n\t\t\t\t\t\t\t\t<div class=\"elementor-field-type-textarea elementor-field-group elementor-column elementor-field-group-field_9c55346 elementor-col-100\">\n\t\t\t\t\t<textarea class=\"elementor-field-textual elementor-field  elementor-size-sm\" name=\"form_fields[field_9c55346]\" id=\"form-field-field_9c55346\" rows=\"4\" placeholder=\"Medellande\"><\/textarea>\t\t\t\t<\/div>\n\t\t\t\t\t\t\t\t<div class=\"elementor-field-group elementor-column elementor-field-type-submit elementor-col-100 e-form__buttons\">\n\t\t\t\t\t<button class=\"elementor-button elementor-size-sm\" type=\"submit\">\n\t\t\t\t\t\t<span class=\"elementor-button-content-wrapper\">\n\t\t\t\t\t\t\t\t\t\t\t\t\t\t\t\t\t\t\t\t\t\t<span class=\"elementor-button-text\">Skicka<\/span>\n\t\t\t\t\t\t\t\t\t\t\t\t\t<\/span>\n\t\t\t\t\t<\/button>\n\t\t\t\t<\/div>\n\t\t\t<\/div>\n\t\t<\/form>\n\t\t\t\t\t\t<\/div>\n\t\t\t\t<\/div>\n\t\t\t\t<\/div>\n\t\t\t\t<\/div>\n\t\t\t\t<\/div>\n\t\t","protected":false},"excerpt":{"rendered":"<p>S\u00e4ljare till v\u00e5rt team i Uppsala. Du kommer att arbeta med f\u00f6rs\u00e4ljning av exklusiva premium- och sportbilar d\u00e4r kvalitet och prestanda alltid st\u00e5r i fokus. \u200b Vi s\u00f6ker en driven s\u00e4ljare till Premium Bil Uppsala! Vi letar efter en engagerad och m\u00e5linriktad s\u00e4ljare till v\u00e5rt team i Uppsala. Som s\u00e4ljare p\u00e5 Premium Bil Uppsala f\u00e5r&#8230;<\/p>","protected":false},"author":10,"featured_media":0,"parent":0,"menu_order":0,"comment_status":"closed","ping_status":"closed","template":"","meta":{"om_disable_all_campaigns":false,"_monsterinsights_skip_tracking":false,"_monsterinsights_sitenote_active":false,"_monsterinsights_sitenote_note":"","_monsterinsights_sitenote_category":0,"_uf_show_specific_survey":0,"_uf_disable_surveys":false,"footnotes":""},"class_list":["post-6286","page","type-page","status-publish","hentry"],"aioseo_notices":[],"_links":{"self":[{"href":"https:\/\/premiumbil.nu\/en\/wp-json\/wp\/v2\/pages\/6286","targetHints":{"allow":["GET"]}}],"collection":[{"href":"https:\/\/premiumbil.nu\/en\/wp-json\/wp\/v2\/pages"}],"about":[{"href":"https:\/\/premiumbil.nu\/en\/wp-json\/wp\/v2\/types\/page"}],"author":[{"embeddable":true,"href":"https:\/\/premiumbil.nu\/en\/wp-json\/wp\/v2\/users\/10"}],"replies":[{"embeddable":true,"href":"https:\/\/premiumbil.nu\/en\/wp-json\/wp\/v2\/comments?post=6286"}],"version-history":[{"count":20,"href":"https:\/\/premiumbil.nu\/en\/wp-json\/wp\/v2\/pages\/6286\/revisions"}],"predecessor-version":[{"id":6316,"href":"https:\/\/premiumbil.nu\/en\/wp-json\/wp\/v2\/pages\/6286\/revisions\/6316"}],"wp:attachment":[{"href":"https:\/\/premiumbil.nu\/en\/wp-json\/wp\/v2\/media?parent=6286"}],"curies":[{"name":"wp","href":"https:\/\/api.w.org\/{rel}","templated":true}]}}