{"id":6373,"date":"2025-03-08T09:30:32","date_gmt":"2025-03-08T08:30:32","guid":{"rendered":"https:\/\/premiumbil.nu\/?page_id=6373"},"modified":"2025-03-08T09:31:51","modified_gmt":"2025-03-08T08:31:51","slug":"inkopare","status":"publish","type":"page","link":"https:\/\/premiumbil.nu\/en\/inkopare\/","title":{"rendered":"inkopare"},"content":{"rendered":"\t\t<div data-elementor-type=\"wp-page\" data-elementor-id=\"6373\" class=\"elementor elementor-6373\" data-elementor-post-type=\"page\">\n\t\t\t\t<div class=\"elementor-element elementor-element-265a4211 e-flex e-con-boxed e-con e-parent\" data-id=\"265a4211\" data-element_type=\"container\" data-e-type=\"container\" data-settings=\"{&quot;background_background&quot;:&quot;classic&quot;}\">\n\t\t\t\t\t<div class=\"e-con-inner\">\n\t\t\t\t<div class=\"elementor-element elementor-element-1c6f1213 elementor-widget elementor-widget-heading\" data-id=\"1c6f1213\" data-element_type=\"widget\" data-e-type=\"widget\" data-widget_type=\"heading.default\">\n\t\t\t\t<div class=\"elementor-widget-container\">\n\t\t\t\t\t<h1 class=\"elementor-heading-title elementor-size-default\">Ink\u00f6pare till v\u00e5rt team i Uppsala.<\/h1>\t\t\t\t<\/div>\n\t\t\t\t<\/div>\n\t\t\t\t<div class=\"elementor-element elementor-element-100c608c elementor-widget elementor-widget-heading\" data-id=\"100c608c\" data-element_type=\"widget\" data-e-type=\"widget\" data-widget_type=\"heading.default\">\n\t\t\t\t<div class=\"elementor-widget-container\">\n\t\t\t\t\t<h5 class=\"elementor-heading-title elementor-size-default\">\u00c4r du en aff\u00e4rsdriven person med passion f\u00f6r bilar? Vill du vara med och p\u00e5verka bilbranschen p\u00e5 riktigt? D\u00e5 \u00e4r detta jobbet f\u00f6r dig!<\/h5>\t\t\t\t<\/div>\n\t\t\t\t<\/div>\n\t\t\t\t\t<\/div>\n\t\t\t\t<\/div>\n\t\t<div class=\"elementor-element elementor-element-6fde49c2 e-con-full e-flex e-con e-parent\" data-id=\"6fde49c2\" data-element_type=\"container\" data-e-type=\"container\" data-settings=\"{&quot;background_background&quot;:&quot;classic&quot;}\">\n\t\t<div class=\"elementor-element elementor-element-689827c7 e-con-full e-flex e-con e-child\" data-id=\"689827c7\" data-element_type=\"container\" data-e-type=\"container\">\n\t\t\t\t<div class=\"elementor-element elementor-element-5106f888 elementor-widget elementor-widget-heading\" data-id=\"5106f888\" data-element_type=\"widget\" data-e-type=\"widget\" data-widget_type=\"heading.default\">\n\t\t\t\t<div class=\"elementor-widget-container\">\n\t\t\t\t\t<h2 class=\"elementor-heading-title elementor-size-default\">Vi s\u00f6ker en driven ink\u00f6pare till Premium Bil Uppsala!<\/h2>\t\t\t\t<\/div>\n\t\t\t\t<\/div>\n\t\t\t\t<div class=\"elementor-element elementor-element-2d752739 elementor-widget elementor-widget-text-editor\" data-id=\"2d752739\" data-element_type=\"widget\" data-e-type=\"widget\" data-widget_type=\"text-editor.default\">\n\t\t\t\t<div class=\"elementor-widget-container\">\n\t\t\t\t\t\t\t\t\t<ul><li><p data-start=\"353\" data-end=\"662\">Som ink\u00f6pare hos oss blir du en nyckelspelare i f\u00f6retaget. Du kommer att ansvara f\u00f6r att hitta, v\u00e4rdera och k\u00f6pa in bilar till v\u00e5rt exklusiva sortiment. Vi s\u00f6ker dig som har erfarenhet av bilbranschen och en fingertoppsk\u00e4nsla f\u00f6r aff\u00e4rer. Du trivs i ett h\u00f6gt tempo och har en skarp blick f\u00f6r kvalitetsbilar.<\/p><h2 data-start=\"664\" data-end=\"690\"><strong data-start=\"667\" data-end=\"688\">Vi s\u00f6ker dig som:<\/strong><\/h2><p data-start=\"691\" data-end=\"947\">\u2705 Har <strong data-start=\"697\" data-end=\"710\">B-k\u00f6rkort<\/strong> (krav)<br data-start=\"717\" data-end=\"720\" \/>\u2705 Har erfarenhet av <strong data-start=\"740\" data-end=\"756\">bilbranschen<\/strong> och bilaff\u00e4rer<br data-start=\"771\" data-end=\"774\" \/>\u2705 \u00c4r <strong data-start=\"779\" data-end=\"797\">resultatdriven<\/strong> och trivs i ett h\u00f6gt tempo<br data-start=\"824\" data-end=\"827\" \/>\u2705 Har god f\u00f6rhandlingsf\u00f6rm\u00e5ga och ett starkt aff\u00e4rssinne<br data-start=\"883\" data-end=\"886\" \/>\u2705 \u00c4r strukturerad, sj\u00e4lvg\u00e5ende och har ett \u00f6ga f\u00f6r detaljer<\/p><\/li><\/ul><div>\u00a0<\/div>\t\t\t\t\t\t\t\t<\/div>\n\t\t\t\t<\/div>\n\t\t\t\t<\/div>\n\t\t\t\t<div class=\"elementor-element elementor-element-236bb2e elementor-widget__width-initial elementor-widget-tablet__width-inherit elementor-widget elementor-widget-image\" data-id=\"236bb2e\" data-element_type=\"widget\" data-e-type=\"widget\" data-widget_type=\"image.default\">\n\t\t\t\t<div class=\"elementor-widget-container\">\n\t\t\t\t\t\t\t\t\t\t\t\t\t\t\t<img fetchpriority=\"high\" decoding=\"async\" width=\"640\" height=\"958\" src=\"https:\/\/premiumbil.nu\/wp-content\/uploads\/2025\/01\/DSC00112-684x1024.jpg\" class=\"attachment-large size-large wp-image-6263\" alt=\"\" srcset=\"https:\/\/premiumbil.nu\/wp-content\/uploads\/2025\/01\/DSC00112-684x1024.jpg 684w, https:\/\/premiumbil.nu\/wp-content\/uploads\/2025\/01\/DSC00112-200x300.jpg 200w, https:\/\/premiumbil.nu\/wp-content\/uploads\/2025\/01\/DSC00112-768x1150.jpg 768w, https:\/\/premiumbil.nu\/wp-content\/uploads\/2025\/01\/DSC00112-1026x1536.jpg 1026w, https:\/\/premiumbil.nu\/wp-content\/uploads\/2025\/01\/DSC00112-1368x2048.jpg 1368w, https:\/\/premiumbil.nu\/wp-content\/uploads\/2025\/01\/DSC00112-8x12.jpg 8w, https:\/\/premiumbil.nu\/wp-content\/uploads\/2025\/01\/DSC00112-scaled.jpg 1710w\" sizes=\"(max-width: 640px) 100vw, 640px\" \/>\t\t\t\t\t\t\t\t\t\t\t\t\t\t\t<\/div>\n\t\t\t\t<\/div>\n\t\t\t\t<\/div>\n\t\t<div class=\"elementor-element elementor-element-5344634e e-con-full e-flex e-con e-parent\" data-id=\"5344634e\" data-element_type=\"container\" data-e-type=\"container\" data-settings=\"{&quot;background_background&quot;:&quot;classic&quot;}\">\n\t\t<div class=\"elementor-element elementor-element-4bc08df2 e-con-full e-flex e-con e-child\" data-id=\"4bc08df2\" data-element_type=\"container\" data-e-type=\"container\" data-settings=\"{&quot;background_background&quot;:&quot;classic&quot;}\">\n\t\t\t\t<div class=\"elementor-element elementor-element-66ccf94e elementor-widget elementor-widget-heading\" data-id=\"66ccf94e\" data-element_type=\"widget\" data-e-type=\"widget\" data-widget_type=\"heading.default\">\n\t\t\t\t<div class=\"elementor-widget-container\">\n\t\t\t\t\t<h1 class=\"elementor-heading-title elementor-size-default\">Ans\u00f6k nu<\/h1>\t\t\t\t<\/div>\n\t\t\t\t<\/div>\n\t\t\t\t<div class=\"elementor-element elementor-element-6cb48653 elementor-widget elementor-widget-heading\" data-id=\"6cb48653\" data-element_type=\"widget\" data-e-type=\"widget\" data-widget_type=\"heading.default\">\n\t\t\t\t<div class=\"elementor-widget-container\">\n\t\t\t\t\t<p class=\"elementor-heading-title elementor-size-default\">Skicka din ans\u00f6kan och eventuella fr\u00e5gor till rekrytering@premiumbil.nu eller fyll i formul\u00e4ret.<\/p>\t\t\t\t<\/div>\n\t\t\t\t<\/div>\n\t\t\t\t<\/div>\n\t\t<div class=\"elementor-element elementor-element-3e73672 e-con-full e-flex e-con e-child\" data-id=\"3e73672\" data-element_type=\"container\" data-e-type=\"container\">\n\t\t\t\t<div class=\"elementor-element elementor-element-5ca31d58 elementor-button-align-start elementor-tablet-button-align-center elementor-widget elementor-widget-form\" data-id=\"5ca31d58\" data-element_type=\"widget\" data-e-type=\"widget\" data-settings=\"{&quot;step_next_label&quot;:&quot;N\\u00e4sa&quot;,&quot;step_previous_label&quot;:&quot;Tillbaka&quot;,&quot;button_width&quot;:&quot;100&quot;,&quot;step_type&quot;:&quot;number_text&quot;,&quot;step_icon_shape&quot;:&quot;circle&quot;}\" data-widget_type=\"form.default\">\n\t\t\t\t<div class=\"elementor-widget-container\">\n\t\t\t\t\t\t\t<form class=\"elementor-form\" method=\"post\" name=\"Contact Form\" aria-label=\"Contact Form\">\n\t\t\t<input type=\"hidden\" name=\"post_id\" value=\"6373\"\/>\n\t\t\t<input type=\"hidden\" name=\"form_id\" value=\"5ca31d58\"\/>\n\t\t\t<input type=\"hidden\" name=\"referer_title\" value=\"inkopare - Premium bil i Uppsala\" \/>\n\n\t\t\t\t\t\t\t<input type=\"hidden\" name=\"queried_id\" value=\"6373\"\/>\n\t\t\t\n\t\t\t<div class=\"elementor-form-fields-wrapper elementor-labels-above\">\n\t\t\t\t\t\t\t\t<div class=\"elementor-field-type-text elementor-field-group elementor-column elementor-field-group-name elementor-col-50 elementor-field-required\">\n\t\t\t\t\t\t\t\t\t\t\t\t<label for=\"form-field-name\" class=\"elementor-field-label\">\n\t\t\t\t\t\t\t\tNamn\t\t\t\t\t\t\t<\/label>\n\t\t\t\t\t\t\t\t\t\t\t\t\t\t<input size=\"1\" type=\"text\" name=\"form_fields[name]\" id=\"form-field-name\" class=\"elementor-field elementor-size-sm  elementor-field-textual\" placeholder=\"F\u00f6rnamn\" required=\"required\">\n\t\t\t\t\t\t\t\t\t\t\t<\/div>\n\t\t\t\t\t\t\t\t<div class=\"elementor-field-type-text elementor-field-group elementor-column elementor-field-group-field_b743cd7 elementor-col-50 elementor-field-required\">\n\t\t\t\t\t\t\t\t\t\t\t\t<label for=\"form-field-field_b743cd7\" class=\"elementor-field-label\">\n\t\t\t\t\t\t\t\tLast Name\t\t\t\t\t\t\t<\/label>\n\t\t\t\t\t\t\t\t\t\t\t\t\t\t<input size=\"1\" type=\"text\" name=\"form_fields[field_b743cd7]\" id=\"form-field-field_b743cd7\" class=\"elementor-field elementor-size-sm  elementor-field-textual\" placeholder=\"Efternamn\" required=\"required\">\n\t\t\t\t\t\t\t\t\t\t\t<\/div>\n\t\t\t\t\t\t\t\t<div class=\"elementor-field-type-tel elementor-field-group elementor-column elementor-field-group-field_6c180a9 elementor-col-50 elementor-field-required\">\n\t\t\t\t\t\t\t\t\t\t\t\t<label for=\"form-field-field_6c180a9\" class=\"elementor-field-label\">\n\t\t\t\t\t\t\t\tPhone Number\t\t\t\t\t\t\t<\/label>\n\t\t\t\t\t\t\t\t<input size=\"1\" type=\"tel\" name=\"form_fields[field_6c180a9]\" id=\"form-field-field_6c180a9\" class=\"elementor-field elementor-size-sm  elementor-field-textual\" placeholder=\"Telefon\" required=\"required\" pattern=\"[0-9()#&amp;+*-=.]+\" title=\"Only numbers and phone characters (#, -, *, etc) are accepted.\">\n\n\t\t\t\t\t\t<\/div>\n\t\t\t\t\t\t\t\t<div class=\"elementor-field-type-email elementor-field-group elementor-column elementor-field-group-email elementor-col-50 elementor-field-required\">\n\t\t\t\t\t\t\t\t\t\t\t\t<label for=\"form-field-email\" class=\"elementor-field-label\">\n\t\t\t\t\t\t\t\tEmail\t\t\t\t\t\t\t<\/label>\n\t\t\t\t\t\t\t\t\t\t\t\t\t\t<input size=\"1\" type=\"email\" name=\"form_fields[email]\" id=\"form-field-email\" class=\"elementor-field elementor-size-sm  elementor-field-textual\" placeholder=\"Mejl\" required=\"required\">\n\t\t\t\t\t\t\t\t\t\t\t<\/div>\n\t\t\t\t\t\t\t\t<div class=\"elementor-field-type-upload elementor-field-group elementor-column elementor-field-group-message elementor-col-100\">\n\t\t\t\t\t\t\t\t\t\t\t\t<label for=\"form-field-message\" class=\"elementor-field-label\">\n\t\t\t\t\t\t\t\tBifoga CV\t\t\t\t\t\t\t<\/label>\n\t\t\t\t\t\t\t\t<input type=\"file\" name=\"form_fields[message][]\" id=\"form-field-message\" class=\"elementor-field elementor-size-sm  elementor-upload-field\" multiple=\"multiple\" data-maxsize=\"100\" data-maxsize-message=\"This file exceeds the maximum allowed size.\">\n\n\t\t\t\t\t\t<\/div>\n\t\t\t\t\t\t\t\t<div class=\"elementor-field-type-textarea elementor-field-group elementor-column elementor-field-group-field_9c55346 elementor-col-100\">\n\t\t\t\t\t<textarea class=\"elementor-field-textual elementor-field  elementor-size-sm\" name=\"form_fields[field_9c55346]\" id=\"form-field-field_9c55346\" rows=\"4\" placeholder=\"Medellande\"><\/textarea>\t\t\t\t<\/div>\n\t\t\t\t\t\t\t\t<div class=\"elementor-field-group elementor-column elementor-field-type-submit elementor-col-100 e-form__buttons\">\n\t\t\t\t\t<button class=\"elementor-button elementor-size-sm\" type=\"submit\">\n\t\t\t\t\t\t<span class=\"elementor-button-content-wrapper\">\n\t\t\t\t\t\t\t\t\t\t\t\t\t\t\t\t\t\t\t\t\t\t<span class=\"elementor-button-text\">Skicka<\/span>\n\t\t\t\t\t\t\t\t\t\t\t\t\t<\/span>\n\t\t\t\t\t<\/button>\n\t\t\t\t<\/div>\n\t\t\t<\/div>\n\t\t<\/form>\n\t\t\t\t\t\t<\/div>\n\t\t\t\t<\/div>\n\t\t\t\t<\/div>\n\t\t\t\t<\/div>\n\t\t\t\t<\/div>\n\t\t","protected":false},"excerpt":{"rendered":"<p>Ink\u00f6pare till v\u00e5rt team i Uppsala. \u00c4r du en aff\u00e4rsdriven person med passion f\u00f6r bilar? Vill du vara med och p\u00e5verka bilbranschen p\u00e5 riktigt? D\u00e5 \u00e4r detta jobbet f\u00f6r dig! Vi s\u00f6ker en driven ink\u00f6pare till Premium Bil Uppsala! Som ink\u00f6pare hos oss blir du en nyckelspelare i f\u00f6retaget. Du kommer att ansvara f\u00f6r att&#8230;<\/p>","protected":false},"author":10,"featured_media":0,"parent":0,"menu_order":0,"comment_status":"closed","ping_status":"closed","template":"","meta":{"om_disable_all_campaigns":false,"_monsterinsights_skip_tracking":false,"_monsterinsights_sitenote_active":false,"_monsterinsights_sitenote_note":"","_monsterinsights_sitenote_category":0,"_uf_show_specific_survey":0,"_uf_disable_surveys":false,"footnotes":""},"class_list":["post-6373","page","type-page","status-publish","hentry"],"aioseo_notices":[],"_links":{"self":[{"href":"https:\/\/premiumbil.nu\/en\/wp-json\/wp\/v2\/pages\/6373","targetHints":{"allow":["GET"]}}],"collection":[{"href":"https:\/\/premiumbil.nu\/en\/wp-json\/wp\/v2\/pages"}],"about":[{"href":"https:\/\/premiumbil.nu\/en\/wp-json\/wp\/v2\/types\/page"}],"author":[{"embeddable":true,"href":"https:\/\/premiumbil.nu\/en\/wp-json\/wp\/v2\/users\/10"}],"replies":[{"embeddable":true,"href":"https:\/\/premiumbil.nu\/en\/wp-json\/wp\/v2\/comments?post=6373"}],"version-history":[{"count":4,"href":"https:\/\/premiumbil.nu\/en\/wp-json\/wp\/v2\/pages\/6373\/revisions"}],"predecessor-version":[{"id":6377,"href":"https:\/\/premiumbil.nu\/en\/wp-json\/wp\/v2\/pages\/6373\/revisions\/6377"}],"wp:attachment":[{"href":"https:\/\/premiumbil.nu\/en\/wp-json\/wp\/v2\/media?parent=6373"}],"curies":[{"name":"wp","href":"https:\/\/api.w.org\/{rel}","templated":true}]}}