{"id":6481,"date":"2026-02-09T14:25:08","date_gmt":"2026-02-09T13:25:08","guid":{"rendered":"https:\/\/premiumbil.nu\/?page_id=6481"},"modified":"2026-02-09T14:42:19","modified_gmt":"2026-02-09T13:42:19","slug":"finansering","status":"publish","type":"page","link":"https:\/\/premiumbil.nu\/en\/finansering\/","title":{"rendered":"Finansering"},"content":{"rendered":"<div data-elementor-type=\"wp-page\" data-elementor-id=\"6481\" class=\"elementor elementor-6481\" data-elementor-post-type=\"page\">\n\t\t\t\t<div class=\"elementor-element elementor-element-19973894 e-flex e-con-boxed e-con e-parent\" data-id=\"19973894\" data-element_type=\"container\" data-e-type=\"container\" data-settings=\"{&quot;background_background&quot;:&quot;classic&quot;}\">\n\t\t\t\t\t<div class=\"e-con-inner\">\n\t\t\t\t<div class=\"elementor-element elementor-element-473c4c3d elementor-widget elementor-widget-heading\" data-id=\"473c4c3d\" data-element_type=\"widget\" data-e-type=\"widget\" data-widget_type=\"heading.default\">\n\t\t\t\t<div class=\"elementor-widget-container\">\n\t\t\t\t\t<h1 class=\"elementor-heading-title elementor-size-default\">Finansiering av bil hos Premiumbil<\/h1>\t\t\t\t<\/div>\n\t\t\t\t<\/div>\n\t\t\t\t<div class=\"elementor-element elementor-element-114154eb elementor-align-center elementor-mobile-align-center elementor-widget elementor-widget-button\" data-id=\"114154eb\" data-element_type=\"widget\" data-e-type=\"widget\" data-widget_type=\"button.default\">\n\t\t\t\t<div class=\"elementor-widget-container\">\n\t\t\t\t\t\t\t\t\t<div class=\"elementor-button-wrapper\">\n\t\t\t\t\t<a class=\"elementor-button elementor-button-link elementor-size-sm\" href=\"https:\/\/premiumbil.nu\/en\/kontakt-2\/\">\n\t\t\t\t\t\t<span class=\"elementor-button-content-wrapper\">\n\t\t\t\t\t\t\t\t\t<span class=\"elementor-button-text\">Contact us<\/span>\n\t\t\t\t\t<\/span>\n\t\t\t\t\t<\/a>\n\t\t\t\t<\/div>\n\t\t\t\t\t\t\t\t<\/div>\n\t\t\t\t<\/div>\n\t\t\t\t\t<\/div>\n\t\t\t\t<\/div>\n\t\t<div class=\"elementor-element elementor-element-2c3cc167 e-con-full e-flex e-con e-parent\" data-id=\"2c3cc167\" data-element_type=\"container\" data-e-type=\"container\" data-settings=\"{&quot;background_background&quot;:&quot;classic&quot;}\">\n\t\t\t\t<div class=\"elementor-element elementor-element-3c6bd9c3 elementor-widget elementor-widget-image\" data-id=\"3c6bd9c3\" data-element_type=\"widget\" data-e-type=\"widget\" data-widget_type=\"image.default\">\n\t\t\t\t<div class=\"elementor-widget-container\">\n\t\t\t\t\t\t\t\t\t\t\t\t\t\t\t<img fetchpriority=\"high\" decoding=\"async\" width=\"640\" height=\"274\" src=\"https:\/\/premiumbil.nu\/wp-content\/uploads\/2026\/02\/u7661692818_a_porsche_911_colorfull_parked_in_sweden._Captured__16bb5105-3b50-4636-a5c4-23c610d533b0-1024x439.png\" class=\"attachment-large size-large wp-image-6483\" alt=\"\" srcset=\"https:\/\/premiumbil.nu\/wp-content\/uploads\/2026\/02\/u7661692818_a_porsche_911_colorfull_parked_in_sweden._Captured__16bb5105-3b50-4636-a5c4-23c610d533b0-1024x439.png 1024w, https:\/\/premiumbil.nu\/wp-content\/uploads\/2026\/02\/u7661692818_a_porsche_911_colorfull_parked_in_sweden._Captured__16bb5105-3b50-4636-a5c4-23c610d533b0-300x129.png 300w, https:\/\/premiumbil.nu\/wp-content\/uploads\/2026\/02\/u7661692818_a_porsche_911_colorfull_parked_in_sweden._Captured__16bb5105-3b50-4636-a5c4-23c610d533b0-768x329.png 768w, https:\/\/premiumbil.nu\/wp-content\/uploads\/2026\/02\/u7661692818_a_porsche_911_colorfull_parked_in_sweden._Captured__16bb5105-3b50-4636-a5c4-23c610d533b0-1536x658.png 1536w, https:\/\/premiumbil.nu\/wp-content\/uploads\/2026\/02\/u7661692818_a_porsche_911_colorfull_parked_in_sweden._Captured__16bb5105-3b50-4636-a5c4-23c610d533b0-2048x878.png 2048w, https:\/\/premiumbil.nu\/wp-content\/uploads\/2026\/02\/u7661692818_a_porsche_911_colorfull_parked_in_sweden._Captured__16bb5105-3b50-4636-a5c4-23c610d533b0-18x8.png 18w\" sizes=\"(max-width: 640px) 100vw, 640px\" \/>\t\t\t\t\t\t\t\t\t\t\t\t\t\t\t<\/div>\n\t\t\t\t<\/div>\n\t\t\t\t<\/div>\n\t\t<div class=\"elementor-element elementor-element-53b3062d e-flex e-con-boxed e-con e-parent\" data-id=\"53b3062d\" data-element_type=\"container\" data-e-type=\"container\" data-settings=\"{&quot;background_background&quot;:&quot;classic&quot;}\">\n\t\t\t\t\t<div class=\"e-con-inner\">\n\t\t<div class=\"elementor-element elementor-element-2cc2290b e-con-full e-flex e-con e-child\" data-id=\"2cc2290b\" data-element_type=\"container\" data-e-type=\"container\" data-settings=\"{&quot;background_background&quot;:&quot;classic&quot;}\">\n\t\t\t\t<div class=\"elementor-element elementor-element-29e5945c elementor-widget elementor-widget-image-box\" data-id=\"29e5945c\" data-element_type=\"widget\" data-e-type=\"widget\" data-widget_type=\"image-box.default\">\n\t\t\t\t<div class=\"elementor-widget-container\">\n\t\t\t\t\t<div class=\"elementor-image-box-wrapper\"><div class=\"elementor-image-box-content\"><h4 class=\"elementor-image-box-title\">Finansiering anpassad efter dig<\/h4><p class=\"elementor-image-box-description\">Alla kunder har olika behov. D\u00e4rf\u00f6r tittar vi inte p\u00e5 f\u00e4rdiga mallar \u2013 vi tittar p\u00e5 din situation.\n\nVi hj\u00e4lper dig med:\n\nPrivatleasing\n\nAvbetalning\n\nF\u00f6retagsfinansiering\n\nUppl\u00e4gg med eller utan restv\u00e4rde\n\nOs\u00e4ker p\u00e5 vad som passar dig b\u00e4st? Vi guidar dig.<\/p><\/div><\/div>\t\t\t\t<\/div>\n\t\t\t\t<\/div>\n\t\t\t\t<div class=\"elementor-element elementor-element-5de607d4 elementor-widget elementor-widget-image-box\" data-id=\"5de607d4\" data-element_type=\"widget\" data-e-type=\"widget\" data-widget_type=\"image-box.default\">\n\t\t\t\t<div class=\"elementor-widget-container\">\n\t\t\t\t\t<div class=\"elementor-image-box-wrapper\"><div class=\"elementor-image-box-content\"><h4 class=\"elementor-image-box-title\">Finansiering f\u00f6r f\u00f6retag<\/h4><p class=\"elementor-image-box-description\">F\u00f6r dig som f\u00f6retagare erbjuder vi flexibla l\u00f6sningar som \u00e4r anpassade f\u00f6r verksamheten.\n\nF\u00f6rdelar med f\u00f6retagsfinansiering hos Premiumbil:\n\nF\u00f6ruts\u00e4gbara kostnader\n\nM\u00f6jlighet till momslyft (beroende p\u00e5 uppl\u00e4gg)\n\nStark likviditet i bolaget\n\nEnkelt och smidigt \u00e4garbyte\n\nVi hj\u00e4lper dig att hitta r\u00e4tt l\u00f6sning tillsammans med v\u00e5ra samarbetspartners.<\/p><\/div><\/div>\t\t\t\t<\/div>\n\t\t\t\t<\/div>\n\t\t\t\t<div class=\"elementor-element elementor-element-2ade7c6f elementor-widget elementor-widget-image-box\" data-id=\"2ade7c6f\" data-element_type=\"widget\" data-e-type=\"widget\" data-widget_type=\"image-box.default\">\n\t\t\t\t<div class=\"elementor-widget-container\">\n\t\t\t\t\t<div class=\"elementor-image-box-wrapper\"><div class=\"elementor-image-box-content\"><h4 class=\"elementor-image-box-title\">Vill du ha ett finansieringsf\u00f6rslag?<\/h4><p class=\"elementor-image-box-description\">Kontakta oss s\u00e5 tar vi fram ett personligt finansieringsf\u00f6rslag \u2013 snabbt, tryggt och utan f\u00f6rpliktelser.\n\nH\u00f6r av dig till oss p\u00e5 Premiumbil s\u00e5 hj\u00e4lper vi dig vidare.<\/p><\/div><\/div>\t\t\t\t<\/div>\n\t\t\t\t<\/div>\n\t\t\t\t<\/div>\n\t\t<div class=\"elementor-element elementor-element-69acb9 e-con-full e-flex e-con e-child\" data-id=\"69acb9\" data-element_type=\"container\" data-e-type=\"container\" data-settings=\"{&quot;background_background&quot;:&quot;gradient&quot;}\">\n\t\t\t\t<div class=\"elementor-element elementor-element-7101e2cd elementor-widget elementor-widget-heading\" data-id=\"7101e2cd\" data-element_type=\"widget\" data-e-type=\"widget\" data-widget_type=\"heading.default\">\n\t\t\t\t<div class=\"elementor-widget-container\">\n\t\t\t\t\t<h2 class=\"elementor-heading-title elementor-size-default\">Finansiering <\/h2>\t\t\t\t<\/div>\n\t\t\t\t<\/div>\n\t\t\t\t<div class=\"elementor-element elementor-element-21b8824f elementor-widget elementor-widget-text-editor\" data-id=\"21b8824f\" data-element_type=\"widget\" data-e-type=\"widget\" data-widget_type=\"text-editor.default\">\n\t\t\t\t<div class=\"elementor-widget-container\">\n\t\t\t\t\t\t\t\t\t<p data-start=\"270\" data-end=\"520\">Att k\u00f6pa bil ska k\u00e4nnas enkelt, tryggt och flexibelt.<br data-start=\"323\" data-end=\"326\" \/>Hos <strong data-start=\"330\" data-end=\"344\">Premiumbil<\/strong> erbjuder vi smarta finansieringsl\u00f6sningar anpassade efter dig \u2013 oavsett om du privatperson eller f\u00f6retagare, k\u00f6per din f\u00f6rsta bil eller byter upp dig till n\u00e5got mer exklusivt.<\/p><p data-start=\"522\" data-end=\"671\">Vi samarbetar med ledande finansbolag f\u00f6r att kunna erbjuda konkurrenskraftiga r\u00e4ntor, tydliga villkor och en l\u00f6sning som faktiskt passar din vardag.<\/p>\t\t\t\t\t\t\t\t<\/div>\n\t\t\t\t<\/div>\n\t\t\t\t<\/div>\n\t\t\t\t\t<\/div>\n\t\t\t\t<\/div>\n\t\t<div class=\"elementor-element elementor-element-6cc4abc2 e-flex e-con-boxed e-con e-parent\" data-id=\"6cc4abc2\" data-element_type=\"container\" data-e-type=\"container\" data-settings=\"{&quot;background_background&quot;:&quot;classic&quot;}\">\n\t\t\t\t\t<div class=\"e-con-inner\">\n\t\t\t\t<div class=\"elementor-element elementor-element-50812d12 elementor-widget elementor-widget-icon-box\" data-id=\"50812d12\" data-element_type=\"widget\" data-e-type=\"widget\" data-widget_type=\"icon-box.default\">\n\t\t\t\t<div class=\"elementor-widget-container\">\n\t\t\t\t\t\t\t<div class=\"elementor-icon-box-wrapper\">\n\n\t\t\t\n\t\t\t\t\t\t<div class=\"elementor-icon-box-content\">\n\n\t\t\t\t\n\t\t\t\t\t\t\t\t\t<p class=\"elementor-icon-box-description\">\n\t\t\t\t\t\tPremium Bil Uppsala\t\t\t\t\t<\/p>\n\t\t\t\t\n\t\t\t<\/div>\n\t\t\t\n\t\t<\/div>\n\t\t\t\t\t\t<\/div>\n\t\t\t\t<\/div>\n\t\t\t\t\t<\/div>\n\t\t\t\t<\/div>\n\t\t<div class=\"elementor-element elementor-element-2784cd60 e-flex e-con-boxed e-con e-parent\" data-id=\"2784cd60\" data-element_type=\"container\" data-e-type=\"container\">\n\t\t\t\t\t<div class=\"e-con-inner\">\n\t\t\t\t<div class=\"elementor-element elementor-element-561ba5f5 elementor-widget elementor-widget-heading\" data-id=\"561ba5f5\" data-element_type=\"widget\" data-e-type=\"widget\" data-widget_type=\"heading.default\">\n\t\t\t\t<div class=\"elementor-widget-container\">\n\t\t\t\t\t<h3 class=\"elementor-heading-title elementor-size-default\">Bill\u00e5n \u2013 s\u00e5 fungerar det<\/h3>\t\t\t\t<\/div>\n\t\t\t\t<\/div>\n\t\t<div class=\"elementor-element elementor-element-78f2cb7d e-con-full e-flex e-con e-child\" data-id=\"78f2cb7d\" data-element_type=\"container\" data-e-type=\"container\">\n\t\t\t\t<div class=\"elementor-element elementor-element-2dbe748 elementor-view-stacked elementor-shape-square elementor-widget__width-initial elementor-position-block-start elementor-mobile-position-block-start elementor-widget elementor-widget-icon-box\" data-id=\"2dbe748\" data-element_type=\"widget\" data-e-type=\"widget\" data-widget_type=\"icon-box.default\">\n\t\t\t\t<div class=\"elementor-widget-container\">\n\t\t\t\t\t\t\t<div class=\"elementor-icon-box-wrapper\">\n\n\t\t\t\t\t\t<div class=\"elementor-icon-box-icon\">\n\t\t\t\t<span  class=\"elementor-icon elementor-animation-shrink\">\n\t\t\t\t<svg aria-hidden=\"true\" class=\"e-font-icon-svg e-fas-check-circle\" viewbox=\"0 0 512 512\" xmlns=\"http:\/\/www.w3.org\/2000\/svg\"><path d=\"M504 256c0 136.967-111.033 248-248 248S8 392.967 8 256 119.033 8 256 8s248 111.033 248 248zM227.314 387.314l184-184c6.248-6.248 6.248-16.379 0-22.627l-22.627-22.627c-6.248-6.249-16.379-6.249-22.628 0L216 308.118l-70.059-70.059c-6.248-6.248-16.379-6.248-22.628 0l-22.627 22.627c-6.248 6.248-6.248 16.379 0 22.627l104 104c6.249 6.249 16.379 6.249 22.628.001z\"><\/path><\/svg>\t\t\t\t<\/span>\n\t\t\t<\/div>\n\t\t\t\n\t\t\t\t\t\t<div class=\"elementor-icon-box-content\">\n\n\t\t\t\t\t\t\t\t\t<h4 class=\"elementor-icon-box-title\">\n\t\t\t\t\t\t<span  >\n\t\t\t\t\t\t\tSTEG 1\t\t\t\t\t\t<\/span>\n\t\t\t\t\t<\/h4>\n\t\t\t\t\n\t\t\t\t\t\t\t\t\t<p class=\"elementor-icon-box-description\">\n\t\t\t\t\t\tDu v\u00e4ljer bil\t\t\t\t\t<\/p>\n\t\t\t\t\n\t\t\t<\/div>\n\t\t\t\n\t\t<\/div>\n\t\t\t\t\t\t<\/div>\n\t\t\t\t<\/div>\n\t\t\t\t<div class=\"elementor-element elementor-element-6ca75a52 elementor-view-stacked elementor-shape-square elementor-widget__width-initial elementor-position-block-start elementor-mobile-position-block-start elementor-widget elementor-widget-icon-box\" data-id=\"6ca75a52\" data-element_type=\"widget\" data-e-type=\"widget\" data-widget_type=\"icon-box.default\">\n\t\t\t\t<div class=\"elementor-widget-container\">\n\t\t\t\t\t\t\t<div class=\"elementor-icon-box-wrapper\">\n\n\t\t\t\t\t\t<div class=\"elementor-icon-box-icon\">\n\t\t\t\t<span  class=\"elementor-icon elementor-animation-shrink\">\n\t\t\t\t<svg xmlns=\"http:\/\/www.w3.org\/2000\/svg\" id=\"ef401a9b-392f-49b7-a156-a160ba6e5cf7\" data-name=\"Layer 1\" width=\"41.4618\" height=\"39.8666\" viewbox=\"0 0 41.4618 39.8666\"><polygon points=\"29.876 11.139 29.876 0 0 0 0 28.727 11.586 28.727 11.586 11.139 29.876 11.139\"><\/polygon><polygon points=\"29.876 11.139 29.876 28.727 11.586 28.727 11.586 39.867 41.462 39.867 41.462 11.139 29.876 11.139\"><\/polygon><\/svg>\t\t\t\t<\/span>\n\t\t\t<\/div>\n\t\t\t\n\t\t\t\t\t\t<div class=\"elementor-icon-box-content\">\n\n\t\t\t\t\t\t\t\t\t<h4 class=\"elementor-icon-box-title\">\n\t\t\t\t\t\t<span  >\n\t\t\t\t\t\t\tSTEG 2\t\t\t\t\t\t<\/span>\n\t\t\t\t\t<\/h4>\n\t\t\t\t\n\t\t\t\t\t\t\t\t\t<p class=\"elementor-icon-box-description\">\n\t\t\t\t\t\tVi tar fram ett finansieringsf\u00f6rslag\t\t\t\t\t<\/p>\n\t\t\t\t\n\t\t\t<\/div>\n\t\t\t\n\t\t<\/div>\n\t\t\t\t\t\t<\/div>\n\t\t\t\t<\/div>\n\t\t\t\t<div class=\"elementor-element elementor-element-43b5904f elementor-view-stacked elementor-shape-square elementor-widget__width-initial elementor-position-block-start elementor-mobile-position-block-start elementor-widget elementor-widget-icon-box\" data-id=\"43b5904f\" data-element_type=\"widget\" data-e-type=\"widget\" data-widget_type=\"icon-box.default\">\n\t\t\t\t<div class=\"elementor-widget-container\">\n\t\t\t\t\t\t\t<div class=\"elementor-icon-box-wrapper\">\n\n\t\t\t\t\t\t<div class=\"elementor-icon-box-icon\">\n\t\t\t\t<span  class=\"elementor-icon elementor-animation-shrink\">\n\t\t\t\t<svg aria-hidden=\"true\" class=\"e-font-icon-svg e-fas-car\" viewbox=\"0 0 512 512\" xmlns=\"http:\/\/www.w3.org\/2000\/svg\"><path d=\"M499.99 176h-59.87l-16.64-41.6C406.38 91.63 365.57 64 319.5 64h-127c-46.06 0-86.88 27.63-103.99 70.4L71.87 176H12.01C4.2 176-1.53 183.34.37 190.91l6 24C7.7 220.25 12.5 224 18.01 224h20.07C24.65 235.73 16 252.78 16 272v48c0 16.12 6.16 30.67 16 41.93V416c0 17.67 14.33 32 32 32h32c17.67 0 32-14.33 32-32v-32h256v32c0 17.67 14.33 32 32 32h32c17.67 0 32-14.33 32-32v-54.07c9.84-11.25 16-25.8 16-41.93v-48c0-19.22-8.65-36.27-22.07-48H494c5.51 0 10.31-3.75 11.64-9.09l6-24c1.89-7.57-3.84-14.91-11.65-14.91zm-352.06-17.83c7.29-18.22 24.94-30.17 44.57-30.17h127c19.63 0 37.28 11.95 44.57 30.17L384 208H128l19.93-49.83zM96 319.8c-19.2 0-32-12.76-32-31.9S76.8 256 96 256s48 28.71 48 47.85-28.8 15.95-48 15.95zm320 0c-19.2 0-48 3.19-48-15.95S396.8 256 416 256s32 12.76 32 31.9-12.8 31.9-32 31.9z\"><\/path><\/svg>\t\t\t\t<\/span>\n\t\t\t<\/div>\n\t\t\t\n\t\t\t\t\t\t<div class=\"elementor-icon-box-content\">\n\n\t\t\t\t\t\t\t\t\t<h4 class=\"elementor-icon-box-title\">\n\t\t\t\t\t\t<span  >\n\t\t\t\t\t\t\tSTEG 3\t\t\t\t\t\t<\/span>\n\t\t\t\t\t<\/h4>\n\t\t\t\t\n\t\t\t\t\t\t\t\t\t<p class=\"elementor-icon-box-description\">\n\t\t\t\t\t\tDu betalar en eventuell kontantinsats\t\t\t\t\t<\/p>\n\t\t\t\t\n\t\t\t<\/div>\n\t\t\t\n\t\t<\/div>\n\t\t\t\t\t\t<\/div>\n\t\t\t\t<\/div>\n\t\t\t\t<div class=\"elementor-element elementor-element-62474a19 elementor-view-stacked elementor-shape-square elementor-widget__width-initial elementor-position-block-start elementor-mobile-position-block-start elementor-widget elementor-widget-icon-box\" data-id=\"62474a19\" data-element_type=\"widget\" data-e-type=\"widget\" data-widget_type=\"icon-box.default\">\n\t\t\t\t<div class=\"elementor-widget-container\">\n\t\t\t\t\t\t\t<div class=\"elementor-icon-box-wrapper\">\n\n\t\t\t\t\t\t<div class=\"elementor-icon-box-icon\">\n\t\t\t\t<span  class=\"elementor-icon elementor-animation-shrink\">\n\t\t\t\t<svg aria-hidden=\"true\" class=\"e-font-icon-svg e-far-calendar-check\" viewbox=\"0 0 448 512\" xmlns=\"http:\/\/www.w3.org\/2000\/svg\"><path d=\"M400 64h-48V12c0-6.627-5.373-12-12-12h-40c-6.627 0-12 5.373-12 12v52H160V12c0-6.627-5.373-12-12-12h-40c-6.627 0-12 5.373-12 12v52H48C21.49 64 0 85.49 0 112v352c0 26.51 21.49 48 48 48h352c26.51 0 48-21.49 48-48V112c0-26.51-21.49-48-48-48zm-6 400H54a6 6 0 0 1-6-6V160h352v298a6 6 0 0 1-6 6zm-52.849-200.65L198.842 404.519c-4.705 4.667-12.303 4.637-16.971-.068l-75.091-75.699c-4.667-4.705-4.637-12.303.068-16.971l22.719-22.536c4.705-4.667 12.303-4.637 16.97.069l44.104 44.461 111.072-110.181c4.705-4.667 12.303-4.637 16.971.068l22.536 22.718c4.667 4.705 4.636 12.303-.069 16.97z\"><\/path><\/svg>\t\t\t\t<\/span>\n\t\t\t<\/div>\n\t\t\t\n\t\t\t\t\t\t<div class=\"elementor-icon-box-content\">\n\n\t\t\t\t\t\t\t\t\t<h4 class=\"elementor-icon-box-title\">\n\t\t\t\t\t\t<span  >\n\t\t\t\t\t\t\tSTEG 4\t\t\t\t\t\t<\/span>\n\t\t\t\t\t<\/h4>\n\t\t\t\t\n\t\t\t\t\t\t\t\t\t<p class=\"elementor-icon-box-description\">\n\t\t\t\t\t\tResterande belopp delas upp m\u00e5nadsvis\t\t\t\t\t<\/p>\n\t\t\t\t\n\t\t\t<\/div>\n\t\t\t\n\t\t<\/div>\n\t\t\t\t\t\t<\/div>\n\t\t\t\t<\/div>\n\t\t\t\t<\/div>\n\t\t\t\t\t<\/div>\n\t\t\t\t<\/div>\n\t\t<div class=\"elementor-element elementor-element-14ec808 e-flex e-con-boxed e-con e-parent\" data-id=\"14ec808\" data-element_type=\"container\" data-e-type=\"container\">\n\t\t\t\t\t<div class=\"e-con-inner\">\n\t\t\t\t<div class=\"elementor-element elementor-element-e02338a elementor-widget elementor-widget-spacer\" data-id=\"e02338a\" data-element_type=\"widget\" data-e-type=\"widget\" data-widget_type=\"spacer.default\">\n\t\t\t\t<div class=\"elementor-widget-container\">\n\t\t\t\t\t\t\t<div class=\"elementor-spacer\">\n\t\t\t<div class=\"elementor-spacer-inner\"><\/div>\n\t\t<\/div>\n\t\t\t\t\t\t<\/div>\n\t\t\t\t<\/div>\n\t\t\t\t\t<\/div>\n\t\t\t\t<\/div>\n\t\t<div class=\"elementor-element elementor-element-ec327bf e-con-full e-flex e-con e-parent\" data-id=\"ec327bf\" data-element_type=\"container\" data-e-type=\"container\">\n\t\t<div class=\"elementor-element elementor-element-7dcbf474 e-con-full e-flex e-con e-child\" data-id=\"7dcbf474\" data-element_type=\"container\" data-e-type=\"container\" data-settings=\"{&quot;background_background&quot;:&quot;classic&quot;}\">\n\t\t\t\t<div class=\"elementor-element elementor-element-1d600257 elementor-widget elementor-widget-heading\" data-id=\"1d600257\" data-element_type=\"widget\" data-e-type=\"widget\" data-widget_type=\"heading.default\">\n\t\t\t\t<div class=\"elementor-widget-container\">\n\t\t\t\t\t<h2 class=\"elementor-heading-title elementor-size-default\">According to our customers <\/h2>\t\t\t\t<\/div>\n\t\t\t\t<\/div>\n\t\t\t\t<\/div>\n\t\t<div class=\"elementor-element elementor-element-b848d9c e-con-full e-flex e-con e-child\" data-id=\"b848d9c\" data-element_type=\"container\" data-e-type=\"container\">\n\t\t\t\t<div class=\"elementor-element elementor-element-54b7ee4a elementor-widget elementor-widget-testimonial\" data-id=\"54b7ee4a\" data-element_type=\"widget\" data-e-type=\"widget\" data-widget_type=\"testimonial.default\">\n\t\t\t\t<div class=\"elementor-widget-container\">\n\t\t\t\t\t\t\t<div class=\"elementor-testimonial-wrapper\">\n\t\t\t\t\t\t\t<div class=\"elementor-testimonial-content\">\u201cS\u00e5lde min Porsche till premium bil!\nRiktigt bra med god kommunikation och service minded. Vincent var otroligt hj\u00e4lpsam och vi hade bra kommunikation kring s\u00e4lj\/upph\u00e4mtning.\nRekommenderar starkt!.\u201d<\/div>\n\t\t\t\n\t\t\t\t\t\t<div class=\"elementor-testimonial-meta elementor-has-image elementor-testimonial-image-position-aside\">\n\t\t\t\t<div class=\"elementor-testimonial-meta-inner\">\n\t\t\t\t\t\t\t\t\t\t\t<div class=\"elementor-testimonial-image\">\n\t\t\t\t\t\t\t<img decoding=\"async\" width=\"500\" height=\"500\" src=\"https:\/\/premiumbil.nu\/wp-content\/uploads\/2026\/02\/Google__G__logo.svg.webp\" class=\"attachment-full size-full wp-image-6484\" alt=\"\" srcset=\"https:\/\/premiumbil.nu\/wp-content\/uploads\/2026\/02\/Google__G__logo.svg.webp 500w, https:\/\/premiumbil.nu\/wp-content\/uploads\/2026\/02\/Google__G__logo.svg-300x300.webp 300w, https:\/\/premiumbil.nu\/wp-content\/uploads\/2026\/02\/Google__G__logo.svg-150x150.webp 150w, https:\/\/premiumbil.nu\/wp-content\/uploads\/2026\/02\/Google__G__logo.svg-12x12.webp 12w\" sizes=\"(max-width: 500px) 100vw, 500px\" \/>\t\t\t\t\t\t<\/div>\n\t\t\t\t\t\n\t\t\t\t\t\t\t\t\t\t<div class=\"elementor-testimonial-details\">\n\t\t\t\t\t\t\t\t\t\t\t\t\t\t<div class=\"elementor-testimonial-name\">Simon Santunione<\/div>\n\t\t\t\t\t\t\t\t\t\t\t\t\t\t\t\t\t\t\t<\/div>\n\t\t\t\t\t\t\t\t\t<\/div>\n\t\t\t<\/div>\n\t\t\t\t\t<\/div>\n\t\t\t\t\t\t<\/div>\n\t\t\t\t<\/div>\n\t\t\t\t<\/div>\n\t\t<div class=\"elementor-element elementor-element-71696ea2 e-con-full e-flex e-con e-child\" data-id=\"71696ea2\" data-element_type=\"container\" data-e-type=\"container\">\n\t\t\t\t<div class=\"elementor-element elementor-element-652f62a6 elementor-widget elementor-widget-testimonial\" data-id=\"652f62a6\" data-element_type=\"widget\" data-e-type=\"widget\" data-widget_type=\"testimonial.default\">\n\t\t\t\t<div class=\"elementor-widget-container\">\n\t\t\t\t\t\t\t<div class=\"elementor-testimonial-wrapper\">\n\t\t\t\t\t\t\t<div class=\"elementor-testimonial-content\">\u201cTack Elliot f\u00f6r en smidig aff\u00e4r! V\u00e4ldigt trevligt bem\u00f6tande fr\u00e5n f\u00f6rsta kontakten. Du \u00e4r genuint intresserad av Premiumbilar.\nV\u00e4nligt att h\u00e4mta bilen i Karlstad f\u00f6r att sedan leverera den till Helsingborg.\"<\/div>\n\t\t\t\n\t\t\t\t\t\t<div class=\"elementor-testimonial-meta elementor-has-image elementor-testimonial-image-position-aside\">\n\t\t\t\t<div class=\"elementor-testimonial-meta-inner\">\n\t\t\t\t\t\t\t\t\t\t\t<div class=\"elementor-testimonial-image\">\n\t\t\t\t\t\t\t<img decoding=\"async\" width=\"500\" height=\"500\" src=\"https:\/\/premiumbil.nu\/wp-content\/uploads\/2026\/02\/Google__G__logo.svg.webp\" class=\"attachment-full size-full wp-image-6484\" alt=\"\" srcset=\"https:\/\/premiumbil.nu\/wp-content\/uploads\/2026\/02\/Google__G__logo.svg.webp 500w, https:\/\/premiumbil.nu\/wp-content\/uploads\/2026\/02\/Google__G__logo.svg-300x300.webp 300w, https:\/\/premiumbil.nu\/wp-content\/uploads\/2026\/02\/Google__G__logo.svg-150x150.webp 150w, https:\/\/premiumbil.nu\/wp-content\/uploads\/2026\/02\/Google__G__logo.svg-12x12.webp 12w\" sizes=\"(max-width: 500px) 100vw, 500px\" \/>\t\t\t\t\t\t<\/div>\n\t\t\t\t\t\n\t\t\t\t\t\t\t\t\t\t<div class=\"elementor-testimonial-details\">\n\t\t\t\t\t\t\t\t\t\t\t\t\t\t<div class=\"elementor-testimonial-name\">Dag Henborg<\/div>\n\t\t\t\t\t\t\t\t\t\t\t\t\t\t\t\t\t\t\t<\/div>\n\t\t\t\t\t\t\t\t\t<\/div>\n\t\t\t<\/div>\n\t\t\t\t\t<\/div>\n\t\t\t\t\t\t<\/div>\n\t\t\t\t<\/div>\n\t\t\t\t<\/div>\n\t\t\t\t<\/div>\n\t\t\t\t<\/div>","protected":false},"excerpt":{"rendered":"<p>Finansiering av bil hos Premiumbil Kontakta oss Finansiering anpassad efter dig Alla kunder har olika behov. D\u00e4rf\u00f6r tittar vi inte p\u00e5 f\u00e4rdiga mallar \u2013 vi tittar p\u00e5 din situation. Vi hj\u00e4lper dig med: Privatleasing Avbetalning F\u00f6retagsfinansiering Uppl\u00e4gg med eller utan restv\u00e4rde Os\u00e4ker p\u00e5 vad som passar dig b\u00e4st? Vi guidar dig. Finansiering f\u00f6r f\u00f6retag F\u00f6r&#8230;<\/p>","protected":false},"author":10,"featured_media":0,"parent":0,"menu_order":0,"comment_status":"closed","ping_status":"closed","template":"","meta":{"om_disable_all_campaigns":false,"_monsterinsights_skip_tracking":false,"_monsterinsights_sitenote_active":false,"_monsterinsights_sitenote_note":"","_monsterinsights_sitenote_category":0,"_uf_show_specific_survey":0,"_uf_disable_surveys":false,"footnotes":""},"class_list":["post-6481","page","type-page","status-publish","hentry"],"aioseo_notices":[],"_links":{"self":[{"href":"https:\/\/premiumbil.nu\/en\/wp-json\/wp\/v2\/pages\/6481","targetHints":{"allow":["GET"]}}],"collection":[{"href":"https:\/\/premiumbil.nu\/en\/wp-json\/wp\/v2\/pages"}],"about":[{"href":"https:\/\/premiumbil.nu\/en\/wp-json\/wp\/v2\/types\/page"}],"author":[{"embeddable":true,"href":"https:\/\/premiumbil.nu\/en\/wp-json\/wp\/v2\/users\/10"}],"replies":[{"embeddable":true,"href":"https:\/\/premiumbil.nu\/en\/wp-json\/wp\/v2\/comments?post=6481"}],"version-history":[{"count":8,"href":"https:\/\/premiumbil.nu\/en\/wp-json\/wp\/v2\/pages\/6481\/revisions"}],"predecessor-version":[{"id":6494,"href":"https:\/\/premiumbil.nu\/en\/wp-json\/wp\/v2\/pages\/6481\/revisions\/6494"}],"wp:attachment":[{"href":"https:\/\/premiumbil.nu\/en\/wp-json\/wp\/v2\/media?parent=6481"}],"curies":[{"name":"wp","href":"https:\/\/api.w.org\/{rel}","templated":true}]}}