{"id":6550,"date":"2026-03-25T13:51:26","date_gmt":"2026-03-25T12:51:26","guid":{"rendered":"https:\/\/premiumbil.nu\/?page_id=6550"},"modified":"2026-03-25T15:16:04","modified_gmt":"2026-03-25T14:16:04","slug":"fragus-garanti","status":"publish","type":"page","link":"https:\/\/premiumbil.nu\/en\/fragus-garanti\/","title":{"rendered":"FRAGUS GARANTI"},"content":{"rendered":"<div data-elementor-type=\"wp-page\" data-elementor-id=\"6550\" class=\"elementor elementor-6550\" data-elementor-post-type=\"page\">\n\t\t\t\t<div class=\"elementor-element elementor-element-1e33a343 e-flex e-con-boxed e-con e-parent\" data-id=\"1e33a343\" data-element_type=\"container\" data-e-type=\"container\" data-settings=\"{&quot;background_background&quot;:&quot;classic&quot;}\">\n\t\t\t\t\t<div class=\"e-con-inner\">\n\t\t\t\t<div class=\"elementor-element elementor-element-354b2da4 elementor-invisible elementor-widget elementor-widget-heading\" data-id=\"354b2da4\" data-element_type=\"widget\" data-e-type=\"widget\" data-settings=\"{&quot;_animation&quot;:&quot;fadeIn&quot;}\" data-widget_type=\"heading.default\">\n\t\t\t\t<div class=\"elementor-widget-container\">\n\t\t\t\t\t<h1 class=\"elementor-heading-title elementor-size-default\">Garanti<\/h1>\t\t\t\t<\/div>\n\t\t\t\t<\/div>\n\t\t\t\t\t<\/div>\n\t\t\t\t<\/div>\n\t\t<div class=\"elementor-element elementor-element-6f51d02d e-con-full e-flex e-con e-parent\" data-id=\"6f51d02d\" data-element_type=\"container\" data-e-type=\"container\" data-settings=\"{&quot;background_background&quot;:&quot;classic&quot;}\">\n\t\t<div class=\"elementor-element elementor-element-af56feb e-con-full e-flex e-con e-child\" data-id=\"af56feb\" data-element_type=\"container\" data-e-type=\"container\">\n\t\t\t\t<div class=\"elementor-element elementor-element-61ce2aa4 elementor-widget__width-initial elementor-widget-tablet__width-inherit elementor-invisible elementor-widget elementor-widget-heading\" data-id=\"61ce2aa4\" data-element_type=\"widget\" data-e-type=\"widget\" data-settings=\"{&quot;_animation&quot;:&quot;fadeInLeft&quot;}\" data-widget_type=\"heading.default\">\n\t\t\t\t<div class=\"elementor-widget-container\">\n\t\t\t\t\t<h2 class=\"elementor-heading-title elementor-size-default\">Fragus Garanti<\/h2>\t\t\t\t<\/div>\n\t\t\t\t<\/div>\n\t\t\t\t<div class=\"elementor-element elementor-element-204eb3d9 elementor-widget__width-initial elementor-widget-tablet__width-inherit elementor-widget-laptop__width-initial elementor-invisible elementor-widget elementor-widget-text-editor\" data-id=\"204eb3d9\" data-element_type=\"widget\" data-e-type=\"widget\" data-settings=\"{&quot;_animation&quot;:&quot;fadeInRight&quot;}\" data-widget_type=\"text-editor.default\">\n\t\t\t\t<div class=\"elementor-widget-container\">\n\t\t\t\t\t\t\t\t\t<h1 data-section-id=\"1u1ocok\" data-start=\"218\" data-end=\"236\">\u00a0<\/h1><h3 data-section-id=\"wg68ds\" data-start=\"237\" data-end=\"270\">Trygghet som f\u00f6ljer med bilen<\/h3><p data-start=\"272\" data-end=\"487\">N\u00e4r du k\u00f6per bil hos oss p\u00e5 Premium Bil Uppsala ska du k\u00e4nna dig helt trygg \u2013 \u00e4ven efter att du l\u00e4mnat hallen. D\u00e4rf\u00f6r erbjuder vi <strong data-start=\"402\" data-end=\"435\">Fragus GoSafe Premium garanti<\/strong>, en av marknadens mest omfattande garantil\u00f6sningar.<\/p><p data-start=\"489\" data-end=\"564\">Det inneb\u00e4r att du kan k\u00f6ra vidare med samma trygghet som om bilen vore ny.<\/p><hr data-start=\"566\" data-end=\"569\" \/><h2 data-section-id=\"1eell7t\" data-start=\"571\" data-end=\"603\">Vad \u00e4r Fragus GoSafe Premium?<\/h2><p data-start=\"605\" data-end=\"805\">Fragus \u00e4r en extern garantileverant\u00f6r som specialiserar sig p\u00e5 trygghetsl\u00f6sningar f\u00f6r begagnade bilar. Med <strong data-start=\"712\" data-end=\"730\">GoSafe Premium<\/strong> f\u00e5r du ett brett skydd som t\u00e4cker de flesta viktiga komponenterna i bilen.<\/p><p data-start=\"807\" data-end=\"931\">Garantin g\u00e4ller i hela Europa och kan anv\u00e4ndas p\u00e5 de flesta verkst\u00e4der \u2013 vilket g\u00f6r den b\u00e5de flexibel och enkel att anv\u00e4nda.<\/p><hr data-start=\"933\" data-end=\"936\" \/><h2 data-section-id=\"4uoun3\" data-start=\"938\" data-end=\"962\">Vad ing\u00e5r i garantin?<\/h2><p data-start=\"964\" data-end=\"1045\">Med Fragus GoSafe Premium f\u00e5r du ett omfattande skydd som bland annat inkluderar:<\/p><ul data-start=\"1047\" data-end=\"1198\"><li data-section-id=\"1uorc88\" data-start=\"1047\" data-end=\"1070\">Motor och v\u00e4xell\u00e5da<\/li><li data-section-id=\"1p2cpyp\" data-start=\"1071\" data-end=\"1093\">Turbo och drivlina<\/li><li data-section-id=\"1mury5j\" data-start=\"1094\" data-end=\"1123\">Elektronik och styrsystem<\/li><li data-section-id=\"r93wdz\" data-start=\"1124\" data-end=\"1144\">Klimatanl\u00e4ggning<\/li><li data-section-id=\"1wex7m5\" data-start=\"1145\" data-end=\"1162\">Br\u00e4nslesystem<\/li><li data-section-id=\"1bxmav4\" data-start=\"1163\" data-end=\"1198\">S\u00e4kerhetsrelaterade komponenter<\/li><\/ul><p data-start=\"1200\" data-end=\"1248\">Kort sagt \u2013 de delar som \u00e4r dyrast att reparera.<\/p><hr data-start=\"1250\" data-end=\"1253\" \/><h2 data-section-id=\"3hlyha\" data-start=\"1255\" data-end=\"1279\">Varf\u00f6r v\u00e4lja garanti?<\/h2><p data-start=\"1281\" data-end=\"1413\">Att k\u00f6pa en begagnad bil \u00e4r ett smart val \u2013 men det inneb\u00e4r ocks\u00e5 en viss risk. Med en garanti fr\u00e5n Fragus eliminerar du den risken.<\/p><p data-start=\"1415\" data-end=\"1428\"><strong data-start=\"1415\" data-end=\"1428\">F\u00f6rdelar:<\/strong><\/p><ul data-start=\"1430\" data-end=\"1567\"><li data-section-id=\"qu438p\" data-start=\"1430\" data-end=\"1475\">\u2714 Skydd mot ov\u00e4ntade reparationskostnader<\/li><li data-section-id=\"ueyvv0\" data-start=\"1476\" data-end=\"1512\">\u2714 \u00d6kad trygghet i ditt bil\u00e4gande<\/li><li data-section-id=\"1rre3az\" data-start=\"1513\" data-end=\"1540\">\u2714 H\u00f6gre andrahandsv\u00e4rde<\/li><li data-section-id=\"1qiy0q1\" data-start=\"1541\" data-end=\"1567\">\u2714 Enkel skadehantering<\/li><\/ul><hr data-start=\"1569\" data-end=\"1572\" \/><h2 data-section-id=\"wouuje\" data-start=\"1574\" data-end=\"1599\">Anpassad efter din bil<\/h2><p data-start=\"1601\" data-end=\"1792\">Vi hj\u00e4lper dig att v\u00e4lja r\u00e4tt garantiniv\u00e5 baserat p\u00e5 bilens \u00e5lder, miltal och typ. Oavsett om du k\u00f6per en Porsche eller en annan premiumbil ser vi till att du f\u00e5r ett skydd som matchar bilen.<\/p><hr data-start=\"1794\" data-end=\"1797\" \/><h2 data-section-id=\"j51juo\" data-start=\"1799\" data-end=\"1825\">K\u00f6r med sj\u00e4lvf\u00f6rtroende<\/h2><p data-start=\"1827\" data-end=\"1936\">En bil fr\u00e5n Premium Bil Uppsala ska inte bara k\u00e4nnas r\u00e4tt vid k\u00f6p \u2013 den ska k\u00e4nnas r\u00e4tt varje dag du k\u00f6r den.<\/p><p data-start=\"1938\" data-end=\"2018\">Med Fragus garanti vet du att du \u00e4r skyddad, oavsett vad som h\u00e4nder l\u00e4ngs v\u00e4gen.<\/p><hr data-start=\"2020\" data-end=\"2023\" \/><h2 data-section-id=\"14g38ug\" data-start=\"2025\" data-end=\"2045\">Vill du veta mer?<\/h2><p data-start=\"2047\" data-end=\"2152\">Kontakta oss s\u00e5 ber\u00e4ttar vi exakt vad som g\u00e4ller f\u00f6r just din bil och tar fram en l\u00f6sning som passar dig.<\/p>\t\t\t\t\t\t\t\t<\/div>\n\t\t\t\t<\/div>\n\t\t\t\t<\/div>\n\t\t\t\t<\/div>\n\t\t<div class=\"elementor-element elementor-element-12facf3 e-flex e-con-boxed e-con e-parent\" data-id=\"12facf3\" data-element_type=\"container\" data-e-type=\"container\">\n\t\t\t\t\t<div class=\"e-con-inner\">\n\t\t\t\t\t<\/div>\n\t\t\t\t<\/div>\n\t\t\t\t<\/div>","protected":false},"excerpt":{"rendered":"<p>Garanti Fragus Garanti \u00a0 Trygghet som f\u00f6ljer med bilen N\u00e4r du k\u00f6per bil hos oss p\u00e5 Premium Bil Uppsala ska du k\u00e4nna dig helt trygg \u2013 \u00e4ven efter att du l\u00e4mnat hallen. D\u00e4rf\u00f6r erbjuder vi Fragus GoSafe Premium garanti, en av marknadens mest omfattande garantil\u00f6sningar. Det inneb\u00e4r att du kan k\u00f6ra vidare med samma trygghet&#8230;<\/p>","protected":false},"author":10,"featured_media":0,"parent":0,"menu_order":0,"comment_status":"closed","ping_status":"closed","template":"","meta":{"om_disable_all_campaigns":false,"_monsterinsights_skip_tracking":false,"_monsterinsights_sitenote_active":false,"_monsterinsights_sitenote_note":"","_monsterinsights_sitenote_category":0,"_uf_show_specific_survey":0,"_uf_disable_surveys":false,"footnotes":""},"class_list":["post-6550","page","type-page","status-publish","hentry"],"aioseo_notices":[],"_links":{"self":[{"href":"https:\/\/premiumbil.nu\/en\/wp-json\/wp\/v2\/pages\/6550","targetHints":{"allow":["GET"]}}],"collection":[{"href":"https:\/\/premiumbil.nu\/en\/wp-json\/wp\/v2\/pages"}],"about":[{"href":"https:\/\/premiumbil.nu\/en\/wp-json\/wp\/v2\/types\/page"}],"author":[{"embeddable":true,"href":"https:\/\/premiumbil.nu\/en\/wp-json\/wp\/v2\/users\/10"}],"replies":[{"embeddable":true,"href":"https:\/\/premiumbil.nu\/en\/wp-json\/wp\/v2\/comments?post=6550"}],"version-history":[{"count":10,"href":"https:\/\/premiumbil.nu\/en\/wp-json\/wp\/v2\/pages\/6550\/revisions"}],"predecessor-version":[{"id":6584,"href":"https:\/\/premiumbil.nu\/en\/wp-json\/wp\/v2\/pages\/6550\/revisions\/6584"}],"wp:attachment":[{"href":"https:\/\/premiumbil.nu\/en\/wp-json\/wp\/v2\/media?parent=6550"}],"curies":[{"name":"wp","href":"https:\/\/api.w.org\/{rel}","templated":true}]}}